{"id":10179,"date":"2020-09-09T22:03:20","date_gmt":"2020-09-09T22:03:20","guid":{"rendered":"http:\/\/www.toamnalavoronet.ro\/?page_id=10179"},"modified":"2020-09-09T22:14:39","modified_gmt":"2020-09-09T22:14:39","slug":"editia-35-2015","status":"publish","type":"page","link":"https:\/\/www.toamnalavoronet.ro\/en\/editii\/editia-35-2015\/","title":{"rendered":"35th Edition &#8211; 2015"},"content":{"rendered":"<div class=\"su-tabs su-tabs-style-default su-tabs-mobile-scroll\" data-active=\"1\" data-scroll-offset=\"0\" data-anchor-in-url=\"no\"><div class=\"su-tabs-nav\"><span class=\"\" data-url=\"\" data-target=\"blank\" tabindex=\"0\" role=\"button\">Premiile acordate<\/span><span class=\"\" data-url=\"\" data-target=\"blank\" tabindex=\"0\" role=\"button\">Materiale media<\/span><span class=\"\" data-url=\"\" data-target=\"blank\" tabindex=\"0\" role=\"button\">Galerie foto<\/span><span class=\"\" data-url=\"\" data-target=\"blank\" tabindex=\"0\" role=\"button\">Galerie video<\/span><\/div><div class=\"su-tabs-panes\"><div class=\"su-tabs-pane su-u-clearfix su-u-trim\" data-title=\"Premiile acordate\">\n<div class=\"su-spacer\" style=\"height:20px\"><\/div>\n<img decoding=\"async\" loading=\"lazy\" src=\"http:\/\/www.toamnalavoronet.ro\/wp-content\/uploads\/2020\/09\/banner_2015.jpg\" alt=\"\" width=\"953\" height=\"195\" class=\"aligncenter size-full wp-image-10187\" srcset=\"https:\/\/www.toamnalavoronet.ro\/wp-content\/uploads\/2020\/09\/banner_2015.jpg 953w, https:\/\/www.toamnalavoronet.ro\/wp-content\/uploads\/2020\/09\/banner_2015-300x61.jpg 300w, https:\/\/www.toamnalavoronet.ro\/wp-content\/uploads\/2020\/09\/banner_2015-768x157.jpg 768w, https:\/\/www.toamnalavoronet.ro\/wp-content\/uploads\/2020\/09\/banner_2015-400x82.jpg 400w\" sizes=\"(max-width: 953px) 100vw, 953px\" \/><br \/>\n<div data-post-id=\"10181\" class=\"insert-page insert-page-10181 \"><strong>Prim\u0103ria Ora\u0219ului Gura Humorului, Centrul Cultural Gura Humorului, Consiliul Jude\u021bean Suceava, Centrul Cultural Bucovina \u2013 organizatori ai celei de-a XXXV-a edi\u021bii a Festivalului Interna\u021bional de Film, Diaporam\u0103 \u0219i Fotografie TOAMNA LA VORONE\u021a, ce a avut loc \u00een ora\u0219ul Gura Humorului \u00een perioada 2- 4 octombrie 2015 &#8211; anun\u021b\u0103 rezultatele acestei edi\u021bii.<\/strong><\/p>\n<p>\u00cen concurs s-au \u00eenscris 62 de filme din 11 \u021b\u0103ri : Argentina, Belgia, China, Columbia, Danemarca, Polonia, Republica Moldova, Rom\u00e2nia, Spania, Suedia \u0219i Turcia.<br \/>\nPre\u0219edintele juriului edi\u021biei a XXXV-a a Toamnei la Vorone\u021b a fost profesorul universitar doctor Lauren\u0163iu Damian iar membrii \u00een juriu au fost actri\u021ba Ioana Flora, conferen\u021biarul universitar doctor Mircea Bunescu, jurnalistul senior de la TVR Ia\u0219i Lucian Dan Teodorovici \u0219i scriitorul \u0219i regizorul Liviu Tudorache.<\/p>\n<p>Juriul a decis acordarea urm\u0103toarelor premii:<\/p>\n<p><strong>SEC\u0162IUNEA FILM DOCUMENTAR <\/strong><br \/>\n\u2022 Premiul pentru cel mai bun film documentar : filmul Regina ( Argentina ),<br \/>\nregia: Manuel Abramovich, imaginea Manuel Abramovich \u0219i Juan Renau<br \/>\n\u2022 Premiul pentru regie : Sergi Pitarch din Spania pentru filmul Ultima \u00eembr\u0103\u0163i\u015fare<br \/>\n\u2022 Premiul pentru imagine : Sebastian V\u0103c\u0103riuc din Rom\u00e2nia pentru filmul Or\u015fova<\/p>\n<p>SEC\u0162IUNEA FILM STUDEN\u0162ESC<br \/>\n\u2022 Premiul pentru cel mai bun film studen\u0163esc: filmul Echilibru ( Rom\u00e2nia ),<br \/>\nregia: Alexandru Badea, imaginea: \u015etefania Grigorescu<br \/>\n\u2022 Premiul pentru regie: Maud Neve \u0219i Nora Buret din Belgia pentru filmul Julia<br \/>\n\u2022 Premiul pentru imagine: Florin Varna din Rom\u00e2nia pentru filmul Fereastra<\/p>\n<p><strong>SEC\u0162IUNEA FILM TURISTIC<\/strong><br \/>\n\u2022 Premiul pentru cel mai bun film turistic: filmul Misterele bisericii boierului Curt ( Rom\u00e2nia ), regia: Gabriela Baiardi, imaginea: Relu Tab\u0103r\u0103 Juriul a mai acordat dou\u0103 PREMII SPECIALE pentru filmele:<br \/>\n\u2022 Un loc diferit ( Spania ), regia: Rafael Gonzales Perez \u0219i Eduardo Lopez &#8211; Jamar, imaginea: Ivan Fernandez Lopez<br \/>\n\u2022 O \u015fop\u00e2rl\u0103 sub piele ( Belgia ), regia: Maude Neve, imaginea: Jeremy Bell<\/div>\n<\/div>\n<div class=\"su-tabs-pane su-u-clearfix su-u-trim\" data-title=\"Materiale media\">\n\n\t\t<style type=\"text\/css\">\n\t\t\t#gallery-1 {\n\t\t\t\tmargin: auto;\n\t\t\t}\n\t\t\t#gallery-1 .gallery-item {\n\t\t\t\tfloat: left;\n\t\t\t\tmargin-top: 10px;\n\t\t\t\ttext-align: center;\n\t\t\t\twidth: 33%;\n\t\t\t}\n\t\t\t#gallery-1 img {\n\t\t\t\tborder: 2px solid #cfcfcf;\n\t\t\t}\n\t\t\t#gallery-1 .gallery-caption {\n\t\t\t\tmargin-left: 0;\n\t\t\t}\n\t\t\t\/* see gallery_shortcode() in wp-includes\/media.php *\/\n\t\t<\/style>\n\t\t<div id='gallery-1' class='gallery galleryid-10179 gallery-columns-3 gallery-size-medium'><dl class='gallery-item'>\n\t\t\t<dt class='gallery-icon portrait'>\n\t\t\t\t<a href='https:\/\/www.toamnalavoronet.ro\/wp-content\/uploads\/2020\/09\/2015-afis-Toamna-la-Voronet.jpg'><img width=\"204\" height=\"300\" src=\"https:\/\/www.toamnalavoronet.ro\/wp-content\/uploads\/2020\/09\/2015-afis-Toamna-la-Voronet-204x300.jpg\" class=\"attachment-medium size-medium\" alt=\"\" decoding=\"async\" loading=\"lazy\" srcset=\"https:\/\/www.toamnalavoronet.ro\/wp-content\/uploads\/2020\/09\/2015-afis-Toamna-la-Voronet-204x300.jpg 204w, https:\/\/www.toamnalavoronet.ro\/wp-content\/uploads\/2020\/09\/2015-afis-Toamna-la-Voronet-698x1024.jpg 698w, https:\/\/www.toamnalavoronet.ro\/wp-content\/uploads\/2020\/09\/2015-afis-Toamna-la-Voronet-768x1127.jpg 768w, https:\/\/www.toamnalavoronet.ro\/wp-content\/uploads\/2020\/09\/2015-afis-Toamna-la-Voronet-400x587.jpg 400w, https:\/\/www.toamnalavoronet.ro\/wp-content\/uploads\/2020\/09\/2015-afis-Toamna-la-Voronet.jpg 954w\" sizes=\"(max-width: 204px) 100vw, 204px\" \/><\/a>\n\t\t\t<\/dt><\/dl><dl class='gallery-item'>\n\t\t\t<dt class='gallery-icon landscape'>\n\t\t\t\t<a href='https:\/\/www.toamnalavoronet.ro\/wp-content\/uploads\/2020\/09\/2015-pliant-program-exterior.jpg'><img width=\"300\" height=\"212\" src=\"https:\/\/www.toamnalavoronet.ro\/wp-content\/uploads\/2020\/09\/2015-pliant-program-exterior-300x212.jpg\" class=\"attachment-medium size-medium\" alt=\"\" decoding=\"async\" loading=\"lazy\" srcset=\"https:\/\/www.toamnalavoronet.ro\/wp-content\/uploads\/2020\/09\/2015-pliant-program-exterior-300x212.jpg 300w, https:\/\/www.toamnalavoronet.ro\/wp-content\/uploads\/2020\/09\/2015-pliant-program-exterior-768x543.jpg 768w, https:\/\/www.toamnalavoronet.ro\/wp-content\/uploads\/2020\/09\/2015-pliant-program-exterior-400x283.jpg 400w, https:\/\/www.toamnalavoronet.ro\/wp-content\/uploads\/2020\/09\/2015-pliant-program-exterior.jpg 1000w\" sizes=\"(max-width: 300px) 100vw, 300px\" \/><\/a>\n\t\t\t<\/dt><\/dl><dl class='gallery-item'>\n\t\t\t<dt class='gallery-icon landscape'>\n\t\t\t\t<a href='https:\/\/www.toamnalavoronet.ro\/wp-content\/uploads\/2020\/09\/2015-pliant-program-interior.jpg'><img width=\"300\" height=\"212\" src=\"https:\/\/www.toamnalavoronet.ro\/wp-content\/uploads\/2020\/09\/2015-pliant-program-interior-300x212.jpg\" class=\"attachment-medium size-medium\" alt=\"\" decoding=\"async\" loading=\"lazy\" srcset=\"https:\/\/www.toamnalavoronet.ro\/wp-content\/uploads\/2020\/09\/2015-pliant-program-interior-300x212.jpg 300w, https:\/\/www.toamnalavoronet.ro\/wp-content\/uploads\/2020\/09\/2015-pliant-program-interior-768x543.jpg 768w, https:\/\/www.toamnalavoronet.ro\/wp-content\/uploads\/2020\/09\/2015-pliant-program-interior-400x283.jpg 400w, https:\/\/www.toamnalavoronet.ro\/wp-content\/uploads\/2020\/09\/2015-pliant-program-interior.jpg 1000w\" sizes=\"(max-width: 300px) 100vw, 300px\" \/><\/a>\n\t\t\t<\/dt><\/dl><br style=\"clear: both\" \/>\n\t\t<\/div>\n\n<\/div>\n<div class=\"su-tabs-pane su-u-clearfix su-u-trim\" data-title=\"Galerie foto\">\n<\/div>\n<div class=\"su-tabs-pane su-u-clearfix su-u-trim\" data-title=\"Galerie video\">\n\t\t\t<div \n\t\t\tclass=\"yotu-playlist yotuwp yotu-limit-min yotu-limit-max yotu-player-full  yotu-thumb-169  yotu-template-grid\" \n\t\t\tdata-page=\"1\"\n\t\t\tid=\"yotuwp-69eba3a70c876\"\n\t\t\tdata-yotu=\"69eba3a759127\"\n\t\t\tdata-total=\"1\"\n\t\t\tdata-settings=\"eyJ0eXBlIjoidmlkZW9zIiwiaWQiOiJ3VlNSN0JOQlpsTSwyRGZyOVM1TW9saywtMFE4dWQ4Ul9xUSxJTldfX3l4OHRxSSxGd1BaMnNnOHlvdyIsInBhZ2luYXRpb24iOiJvbiIsInBhZ2l0eXBlIjoicGFnZXIiLCJjb2x1bW4iOiIzIiwicGVyX3BhZ2UiOiIyNCIsInRlbXBsYXRlIjoiZ3JpZCIsInRpdGxlIjoib24iLCJkZXNjcmlwdGlvbiI6Im9mZiIsInRodW1icmF0aW8iOiIxNjkiLCJtZXRhIjoib2ZmIiwibWV0YV9kYXRhIjoib2ZmIiwibWV0YV9wb3NpdGlvbiI6Im9mZiIsImRhdGVfZm9ybWF0Ijoib2ZmIiwibWV0YV9hbGlnbiI6Im9mZiIsInN1YnNjcmliZSI6Im9mZiIsImR1cmF0aW9uIjoib2ZmIiwibWV0YV9pY29uIjoib2ZmIiwibmV4dHRleHQiOiIiLCJwcmV2dGV4dCI6IiIsImxvYWRtb3JldGV4dCI6IiIsInBsYXllciI6eyJtb2RlIjoibGFyZ2UiLCJ3aWR0aCI6IjAiLCJzY3JvbGxpbmciOiIxMDAiLCJhdXRvcGxheSI6MCwiY29udHJvbHMiOjEsIm1vZGVzdGJyYW5kaW5nIjoxLCJsb29wIjowLCJhdXRvbmV4dCI6MCwic2hvd2luZm8iOjEsInJlbCI6MCwicGxheWluZyI6MCwicGxheWluZ19kZXNjcmlwdGlvbiI6MCwidGh1bWJuYWlscyI6MCwiY2NfbG9hZF9wb2xpY3kiOiIxIiwiY2NfbGFuZ19wcmVmIjoiMSIsImhsIjoiIiwiaXZfbG9hZF9wb2xpY3kiOiIxIn0sImxhc3RfdGFiIjoic2V0dGluZ3MiLCJ1c2VfYXNfbW9kYWwiOiJvZmYiLCJtb2RhbF9pZCI6Im9mZiIsImxhc3RfdXBkYXRlIjoiMTY4NjA3MzYzOSIsInN0eWxpbmciOnsicGFnZXJfbGF5b3V0IjoiZGVmYXVsdCIsImJ1dHRvbiI6IjEiLCJidXR0b25fY29sb3IiOiIiLCJidXR0b25fYmdfY29sb3IiOiIiLCJidXR0b25fY29sb3JfaG92ZXIiOiIiLCJidXR0b25fYmdfY29sb3JfaG92ZXIiOiIiLCJ2aWRlb19zdHlsZSI6IiIsInBsYXlpY29uX2NvbG9yIjoiIiwiaG92ZXJfaWNvbiI6IiIsImdhbGxlcnlfYmciOiIifSwiZWZmZWN0cyI6eyJ2aWRlb19ib3giOiIiLCJmbGlwX2VmZmVjdCI6IiJ9LCJnYWxsZXJ5X2lkIjoiNjllYmEzYTcwYzg3NiJ9\"\n\t\t\tdata-player=\"large\"\n\t\t\tdata-showdesc=\"off\" >\n\t\t\t\t<div>\n\t\t\t\t\t\t\t\t\t\t<div class=\"yotu-wrapper-player\" style=\"\">\n\t\t\t\t\t\t\t\t\t\t\t\t<div class=\"yotu-player\">\n\t\t\t\t\t\t\t<div class=\"yotu-video-placeholder\" id=\"yotu-player-69eba3a759127\"><\/div>\n\t\t\t\t\t\t<\/div>\n\t\t\t\t\t\t<div class=\"yotu-playing-status\"><\/div>\n\t\t\t\t\t\t\t\t\t\t\t<\/div>\n\n\t\t\t\t\t<div class=\"yotu-pagination yotu-hide yotu-pager_layout-default yotu-pagination-top\">\n<a href=\"#\" class=\"yotu-pagination-prev yotu-button-prs yotu-button-prs-1\" data-page=\"prev\">Prev<\/a>\n<span class=\"yotu-pagination-current\">1<\/span> <span>of<\/span> <span class=\"yotu-pagination-total\">1<\/span>\n<a href=\"#\" class=\"yotu-pagination-next yotu-button-prs yotu-button-prs-1\" data-page=\"next\">Next<\/a>\n<\/div>\n<div class=\"yotu-videos yotu-mode-grid yotu-column-3 yotu-player-mode-large\">\n\t<ul>\n\t\t\t\t\t<li class=\" yotu-first\">\n\t\t\t\t\t\t\t\t<a href=\"#wVSR7BNBZlM\" class=\"yotu-video\" data-videoid=\"wVSR7BNBZlM\" data-title=\"Spot Festivalul de Film, Diaporama si Fotografie \\&quot;Toamna la Voronet\\&quot; 2015\" title=\"Spot Festivalul de Film, Diaporama si Fotografie &quot;Toamna la Voronet&quot; 2015\">\n\t\t\t\t\t<div class=\"yotu-video-thumb-wrp\">\n\t\t\t\t\t\t<div>\n\t\t\t\t\t\t\t\t\t\t\t\t\t\t<img class=\"yotu-video-thumb\" src=\"https:\/\/i.ytimg.com\/vi\/wVSR7BNBZlM\/sddefault.jpg\" alt=\"Spot Festivalul de Film, Diaporama si Fotografie &quot;Toamna la Voronet&quot; 2015\">\t\n\t\t\t\t\t\t\t\t\t\t\t\t\t<\/div>\n\t\t\t\t\t<\/div>\n\t\t\t\t\t\t\t\t\t\t\t<h3 class=\"yotu-video-title\">Spot Festivalul de Film, Diaporama si Fotografie \"Toamna la Voronet\" 2015<\/h3>\n\t\t\t\t\t\t\t\t\t\t\t\t\t\t\t\t\t\t\t<\/a>\n\t\t\t\t\t\t\t<\/li>\n\t\t\t\t\n\t\t\t\t\t\t<li class=\"\">\n\t\t\t\t\t\t\t\t<a href=\"#2Dfr9S5Molk\" class=\"yotu-video\" data-videoid=\"2Dfr9S5Molk\" data-title=\"Festivalul International de Film  Toamna la Voronet\" title=\"Festivalul International de Film  Toamna la Voronet\">\n\t\t\t\t\t<div class=\"yotu-video-thumb-wrp\">\n\t\t\t\t\t\t<div>\n\t\t\t\t\t\t\t\t\t\t\t\t\t\t<img class=\"yotu-video-thumb\" src=\"https:\/\/i.ytimg.com\/vi\/2Dfr9S5Molk\/sddefault.jpg\" alt=\"Festivalul International de Film  Toamna la Voronet\">\t\n\t\t\t\t\t\t\t\t\t\t\t\t\t<\/div>\n\t\t\t\t\t<\/div>\n\t\t\t\t\t\t\t\t\t\t\t<h3 class=\"yotu-video-title\">Festivalul International de Film  Toamna la Voronet<\/h3>\n\t\t\t\t\t\t\t\t\t\t\t\t\t\t\t\t\t\t\t<\/a>\n\t\t\t\t\t\t\t<\/li>\n\t\t\t\t\n\t\t\t\t\t\t<li class=\"\">\n\t\t\t\t\t\t\t\t<a href=\"#-0Q8ud8R_qQ\" class=\"yotu-video\" data-videoid=\"-0Q8ud8R_qQ\" data-title=\"Festivalul de Film \\&quot;TOAMN\u0102 LA VORONE\u0162\\&quot;\" title=\"Festivalul de Film &quot;TOAMN\u0102 LA VORONE\u0162&quot;\">\n\t\t\t\t\t<div class=\"yotu-video-thumb-wrp\">\n\t\t\t\t\t\t<div>\n\t\t\t\t\t\t\t\t\t\t\t\t\t\t<img class=\"yotu-video-thumb\" src=\"https:\/\/i.ytimg.com\/vi\/-0Q8ud8R_qQ\/sddefault.jpg\" alt=\"Festivalul de Film &quot;TOAMN\u0102 LA VORONE\u0162&quot;\">\t\n\t\t\t\t\t\t\t\t\t\t\t\t\t<\/div>\n\t\t\t\t\t<\/div>\n\t\t\t\t\t\t\t\t\t\t\t<h3 class=\"yotu-video-title\">Festivalul de Film \"TOAMN\u0102 LA VORONE\u0162\"<\/h3>\n\t\t\t\t\t\t\t\t\t\t\t\t\t\t\t\t\t\t\t<\/a>\n\t\t\t\t\t\t\t<\/li>\n\t\t\t\t\n\t\t\t\t\t\t<li class=\"\">\n\t\t\t\t\t\t\t\t<a href=\"#INW__yx8tqI\" class=\"yotu-video\" data-videoid=\"INW__yx8tqI\" data-title=\"Lansari de carte in cadrul festivalului Toamna la Voronet\" title=\"Lansari de carte in cadrul festivalului Toamna la Voronet\">\n\t\t\t\t\t<div class=\"yotu-video-thumb-wrp\">\n\t\t\t\t\t\t<div>\n\t\t\t\t\t\t\t\t\t\t\t\t\t\t<img class=\"yotu-video-thumb\" src=\"https:\/\/i.ytimg.com\/vi\/INW__yx8tqI\/sddefault.jpg\" alt=\"Lansari de carte in cadrul festivalului Toamna la Voronet\">\t\n\t\t\t\t\t\t\t\t\t\t\t\t\t<\/div>\n\t\t\t\t\t<\/div>\n\t\t\t\t\t\t\t\t\t\t\t<h3 class=\"yotu-video-title\">Lansari de carte in cadrul festivalului Toamna la Voronet<\/h3>\n\t\t\t\t\t\t\t\t\t\t\t\t\t\t\t\t\t\t\t<\/a>\n\t\t\t\t\t\t\t<\/li>\n\t\t\t\t\n\t\t\t\t\t\t<li class=\" yotu-last\">\n\t\t\t\t\t\t\t\t<a href=\"#FwPZ2sg8yow\" class=\"yotu-video\" data-videoid=\"FwPZ2sg8yow\" data-title=\"Festivalul de Film Toamna la Voronet  la Gura Humorului\" title=\"Festivalul de Film Toamna la Voronet  la Gura Humorului\">\n\t\t\t\t\t<div class=\"yotu-video-thumb-wrp\">\n\t\t\t\t\t\t<div>\n\t\t\t\t\t\t\t\t\t\t\t\t\t\t<img class=\"yotu-video-thumb\" src=\"https:\/\/i.ytimg.com\/vi\/FwPZ2sg8yow\/sddefault.jpg\" alt=\"Festivalul de Film Toamna la Voronet  la Gura Humorului\">\t\n\t\t\t\t\t\t\t\t\t\t\t\t\t<\/div>\n\t\t\t\t\t<\/div>\n\t\t\t\t\t\t\t\t\t\t\t<h3 class=\"yotu-video-title\">Festivalul de Film Toamna la Voronet  la Gura Humorului<\/h3>\n\t\t\t\t\t\t\t\t\t\t\t\t\t\t\t\t\t\t\t<\/a>\n\t\t\t\t\t\t\t<\/li>\n\t\t\t\t\n\t\t\t\t<\/ul>\n<\/div><div class=\"yotu-pagination yotu-hide yotu-pager_layout-default yotu-pagination-bottom\">\n<a href=\"#\" class=\"yotu-pagination-prev yotu-button-prs yotu-button-prs-1\" data-page=\"prev\">Prev<\/a>\n<span class=\"yotu-pagination-current\">1<\/span> <span>of<\/span> <span class=\"yotu-pagination-total\">1<\/span>\n<a href=\"#\" class=\"yotu-pagination-next yotu-button-prs yotu-button-prs-1\" data-page=\"next\">Next<\/a>\n<\/div>\n\t\t\t\t<\/div>\n\t\t\t<\/div>\n\t\t\t\n<\/div><\/div><\/div>\n","protected":false},"excerpt":{"rendered":"","protected":false},"author":2,"featured_media":0,"parent":8062,"menu_order":0,"comment_status":"closed","ping_status":"closed","template":"","meta":{"ngg_post_thumbnail":0},"yoast_head":"<!-- This site is optimized with the Yoast SEO plugin v21.3 - https:\/\/yoast.com\/wordpress\/plugins\/seo\/ -->\n<title>35th Edition - 2015 - Toamn\u0103 la Vorone\u021b<\/title>\n<meta name=\"robots\" content=\"index, follow, max-snippet:-1, max-image-preview:large, max-video-preview:-1\" \/>\n<link rel=\"canonical\" href=\"https:\/\/www.toamnalavoronet.ro\/editii\/editia-35-2015\/\" \/>\n<meta property=\"og:locale\" content=\"en_US\" \/>\n<meta property=\"og:type\" content=\"article\" \/>\n<meta property=\"og:title\" content=\"[:ro]Editia 35 - 2015[:en]35th Edition - 2015[:] - Toamn\u0103 la Vorone\u021b\" \/>\n<meta property=\"og:url\" content=\"https:\/\/www.toamnalavoronet.ro\/editii\/editia-35-2015\/\" \/>\n<meta property=\"og:site_name\" content=\"Toamn\u0103 la Vorone\u021b\" \/>\n<meta property=\"article:publisher\" content=\"https:\/\/www.facebook.com\/culturahumor.ro\/\" \/>\n<meta property=\"article:modified_time\" content=\"2020-09-09T22:14:39+00:00\" \/>\n<meta property=\"og:image\" content=\"http:\/\/www.toamnalavoronet.ro\/wp-content\/uploads\/2020\/09\/banner_2015.jpg\" \/>\n<meta name=\"twitter:card\" content=\"summary_large_image\" \/>\n<script type=\"application\/ld+json\" class=\"yoast-schema-graph\">{\"@context\":\"https:\/\/schema.org\",\"@graph\":[{\"@type\":\"WebPage\",\"@id\":\"https:\/\/www.toamnalavoronet.ro\/editii\/editia-35-2015\/\",\"url\":\"https:\/\/www.toamnalavoronet.ro\/editii\/editia-35-2015\/\",\"name\":\"[:ro]Editia 35 - 2015[:en]35th Edition - 2015[:] - Toamn\u0103 la Vorone\u021b\",\"isPartOf\":{\"@id\":\"https:\/\/www.toamnalavoronet.ro\/#website\"},\"datePublished\":\"2020-09-09T22:03:20+00:00\",\"dateModified\":\"2020-09-09T22:14:39+00:00\",\"breadcrumb\":{\"@id\":\"https:\/\/www.toamnalavoronet.ro\/editii\/editia-35-2015\/#breadcrumb\"},\"inLanguage\":\"en-US\",\"potentialAction\":[{\"@type\":\"ReadAction\",\"target\":[\"https:\/\/www.toamnalavoronet.ro\/editii\/editia-35-2015\/\"]}]},{\"@type\":\"BreadcrumbList\",\"@id\":\"https:\/\/www.toamnalavoronet.ro\/editii\/editia-35-2015\/#breadcrumb\",\"itemListElement\":[{\"@type\":\"ListItem\",\"position\":1,\"name\":\"Prima pagin\u0103\",\"item\":\"https:\/\/www.toamnalavoronet.ro\/\"},{\"@type\":\"ListItem\",\"position\":2,\"name\":\"Editii Toamn\u0103 la Vorone\u021b\",\"item\":\"https:\/\/www.toamnalavoronet.ro\/editii\/\"},{\"@type\":\"ListItem\",\"position\":3,\"name\":\"Editia 35 &#8211; 2015\"}]},{\"@type\":\"WebSite\",\"@id\":\"https:\/\/www.toamnalavoronet.ro\/#website\",\"url\":\"https:\/\/www.toamnalavoronet.ro\/\",\"name\":\"Toamn\u0103 la Vorone\u021b\",\"description\":\"The  International  Film  Festival \u201cAutumn in Voronet\u201d\",\"publisher\":{\"@id\":\"https:\/\/www.toamnalavoronet.ro\/#organization\"},\"potentialAction\":[{\"@type\":\"SearchAction\",\"target\":{\"@type\":\"EntryPoint\",\"urlTemplate\":\"https:\/\/www.toamnalavoronet.ro\/?s={search_term_string}\"},\"query-input\":\"required name=search_term_string\"}],\"inLanguage\":\"en-US\"},{\"@type\":\"Organization\",\"@id\":\"https:\/\/www.toamnalavoronet.ro\/#organization\",\"name\":\"Toamn\u0103 la Vorone\u021b - Festivalul Interna\u021bional de Film, Diaporam\u0103 \u0219i Fotografie\",\"url\":\"https:\/\/www.toamnalavoronet.ro\/\",\"logo\":{\"@type\":\"ImageObject\",\"inLanguage\":\"en-US\",\"@id\":\"https:\/\/www.toamnalavoronet.ro\/#\/schema\/logo\/image\/\",\"url\":\"https:\/\/www.toamnalavoronet.ro\/wp-content\/uploads\/2020\/07\/icon.jpg\",\"contentUrl\":\"https:\/\/www.toamnalavoronet.ro\/wp-content\/uploads\/2020\/07\/icon.jpg\",\"width\":100,\"height\":100,\"caption\":\"Toamn\u0103 la Vorone\u021b - Festivalul Interna\u021bional de Film, Diaporam\u0103 \u0219i Fotografie\"},\"image\":{\"@id\":\"https:\/\/www.toamnalavoronet.ro\/#\/schema\/logo\/image\/\"},\"sameAs\":[\"https:\/\/www.facebook.com\/culturahumor.ro\/\",\"https:\/\/www.youtube.com\/channel\/UCLJxDrTSePhKryOJXju3cYQ\"]}]}<\/script>\n<!-- \/ Yoast SEO plugin. -->","yoast_head_json":{"title":"[:ro]Editia 35 - 2015[:en]35th Edition - 2015[:] - Toamn\u0103 la Vorone\u021b","robots":{"index":"index","follow":"follow","max-snippet":"max-snippet:-1","max-image-preview":"max-image-preview:large","max-video-preview":"max-video-preview:-1"},"canonical":"https:\/\/www.toamnalavoronet.ro\/editii\/editia-35-2015\/","og_locale":"en_US","og_type":"article","og_title":"[:ro]Editia 35 - 2015[:en]35th Edition - 2015[:] - Toamn\u0103 la Vorone\u021b","og_url":"https:\/\/www.toamnalavoronet.ro\/editii\/editia-35-2015\/","og_site_name":"Toamn\u0103 la Vorone\u021b","article_publisher":"https:\/\/www.facebook.com\/culturahumor.ro\/","article_modified_time":"2020-09-09T22:14:39+00:00","og_image":[{"url":"http:\/\/www.toamnalavoronet.ro\/wp-content\/uploads\/2020\/09\/banner_2015.jpg"}],"twitter_card":"summary_large_image","schema":{"@context":"https:\/\/schema.org","@graph":[{"@type":"WebPage","@id":"https:\/\/www.toamnalavoronet.ro\/editii\/editia-35-2015\/","url":"https:\/\/www.toamnalavoronet.ro\/editii\/editia-35-2015\/","name":"[:ro]Editia 35 - 2015[:en]35th Edition - 2015[:] - Toamn\u0103 la Vorone\u021b","isPartOf":{"@id":"https:\/\/www.toamnalavoronet.ro\/#website"},"datePublished":"2020-09-09T22:03:20+00:00","dateModified":"2020-09-09T22:14:39+00:00","breadcrumb":{"@id":"https:\/\/www.toamnalavoronet.ro\/editii\/editia-35-2015\/#breadcrumb"},"inLanguage":"en-US","potentialAction":[{"@type":"ReadAction","target":["https:\/\/www.toamnalavoronet.ro\/editii\/editia-35-2015\/"]}]},{"@type":"BreadcrumbList","@id":"https:\/\/www.toamnalavoronet.ro\/editii\/editia-35-2015\/#breadcrumb","itemListElement":[{"@type":"ListItem","position":1,"name":"Prima pagin\u0103","item":"https:\/\/www.toamnalavoronet.ro\/"},{"@type":"ListItem","position":2,"name":"Editii Toamn\u0103 la Vorone\u021b","item":"https:\/\/www.toamnalavoronet.ro\/editii\/"},{"@type":"ListItem","position":3,"name":"Editia 35 &#8211; 2015"}]},{"@type":"WebSite","@id":"https:\/\/www.toamnalavoronet.ro\/#website","url":"https:\/\/www.toamnalavoronet.ro\/","name":"Toamn\u0103 la Vorone\u021b","description":"The  International  Film  Festival \u201cAutumn in Voronet\u201d","publisher":{"@id":"https:\/\/www.toamnalavoronet.ro\/#organization"},"potentialAction":[{"@type":"SearchAction","target":{"@type":"EntryPoint","urlTemplate":"https:\/\/www.toamnalavoronet.ro\/?s={search_term_string}"},"query-input":"required name=search_term_string"}],"inLanguage":"en-US"},{"@type":"Organization","@id":"https:\/\/www.toamnalavoronet.ro\/#organization","name":"Toamn\u0103 la Vorone\u021b - Festivalul Interna\u021bional de Film, Diaporam\u0103 \u0219i Fotografie","url":"https:\/\/www.toamnalavoronet.ro\/","logo":{"@type":"ImageObject","inLanguage":"en-US","@id":"https:\/\/www.toamnalavoronet.ro\/#\/schema\/logo\/image\/","url":"https:\/\/www.toamnalavoronet.ro\/wp-content\/uploads\/2020\/07\/icon.jpg","contentUrl":"https:\/\/www.toamnalavoronet.ro\/wp-content\/uploads\/2020\/07\/icon.jpg","width":100,"height":100,"caption":"Toamn\u0103 la Vorone\u021b - Festivalul Interna\u021bional de Film, Diaporam\u0103 \u0219i Fotografie"},"image":{"@id":"https:\/\/www.toamnalavoronet.ro\/#\/schema\/logo\/image\/"},"sameAs":["https:\/\/www.facebook.com\/culturahumor.ro\/","https:\/\/www.youtube.com\/channel\/UCLJxDrTSePhKryOJXju3cYQ"]}]}},"_links":{"self":[{"href":"https:\/\/www.toamnalavoronet.ro\/en\/wp-json\/wp\/v2\/pages\/10179"}],"collection":[{"href":"https:\/\/www.toamnalavoronet.ro\/en\/wp-json\/wp\/v2\/pages"}],"about":[{"href":"https:\/\/www.toamnalavoronet.ro\/en\/wp-json\/wp\/v2\/types\/page"}],"author":[{"embeddable":true,"href":"https:\/\/www.toamnalavoronet.ro\/en\/wp-json\/wp\/v2\/users\/2"}],"replies":[{"embeddable":true,"href":"https:\/\/www.toamnalavoronet.ro\/en\/wp-json\/wp\/v2\/comments?post=10179"}],"version-history":[{"count":4,"href":"https:\/\/www.toamnalavoronet.ro\/en\/wp-json\/wp\/v2\/pages\/10179\/revisions"}],"predecessor-version":[{"id":10190,"href":"https:\/\/www.toamnalavoronet.ro\/en\/wp-json\/wp\/v2\/pages\/10179\/revisions\/10190"}],"up":[{"embeddable":true,"href":"https:\/\/www.toamnalavoronet.ro\/en\/wp-json\/wp\/v2\/pages\/8062"}],"wp:attachment":[{"href":"https:\/\/www.toamnalavoronet.ro\/en\/wp-json\/wp\/v2\/media?parent=10179"}],"curies":[{"name":"wp","href":"https:\/\/api.w.org\/{rel}","templated":true}]}}