{"id":10181,"date":"2020-09-09T22:04:23","date_gmt":"2020-09-09T22:04:23","guid":{"rendered":"http:\/\/www.toamnalavoronet.ro\/?page_id=10181"},"modified":"2020-09-10T13:34:55","modified_gmt":"2020-09-10T13:34:55","slug":"premii-2015","status":"publish","type":"page","link":"https:\/\/www.toamnalavoronet.ro\/en\/editii\/editia-35-2015\/premii-2015\/","title":{"rendered":"Premii 2015"},"content":{"rendered":"<strong>Prim\u0103ria Ora\u0219ului Gura Humorului, Centrul Cultural Gura Humorului, Consiliul Jude\u021bean Suceava, Centrul Cultural Bucovina \u2013 organizatori ai celei de-a XXXV-a edi\u021bii a Festivalului Interna\u021bional de Film, Diaporam\u0103 \u0219i Fotografie TOAMNA LA VORONE\u021a, ce a avut loc \u00een ora\u0219ul Gura Humorului \u00een perioada 2- 4 octombrie 2015 &#8211; anun\u021b\u0103 rezultatele acestei edi\u021bii.<\/strong><\/p>\n<p>\u00cen concurs s-au \u00eenscris 62 de filme din 11 \u021b\u0103ri : Argentina, Belgia, China, Columbia, Danemarca, Polonia, Republica Moldova, Rom\u00e2nia, Spania, Suedia \u0219i Turcia.<br \/>\nPre\u0219edintele juriului edi\u021biei a XXXV-a a Toamnei la Vorone\u021b a fost profesorul universitar doctor Lauren\u0163iu Damian iar membrii \u00een juriu au fost actri\u021ba Ioana Flora, conferen\u021biarul universitar doctor Mircea Bunescu, jurnalistul senior de la TVR Ia\u0219i Lucian Dan Teodorovici \u0219i scriitorul \u0219i regizorul Liviu Tudorache.<\/p>\n<p>Juriul a decis acordarea urm\u0103toarelor premii:<\/p>\n<p><strong>SEC\u0162IUNEA FILM DOCUMENTAR <\/strong><br \/>\n\u2022 Premiul pentru cel mai bun film documentar : filmul Regina ( Argentina ),<br \/>\nregia: Manuel Abramovich, imaginea Manuel Abramovich \u0219i Juan Renau<br \/>\n\u2022 Premiul pentru regie : Sergi Pitarch din Spania pentru filmul Ultima \u00eembr\u0103\u0163i\u015fare<br \/>\n\u2022 Premiul pentru imagine : Sebastian V\u0103c\u0103riuc din Rom\u00e2nia pentru filmul Or\u015fova<\/p>\n<p>SEC\u0162IUNEA FILM STUDEN\u0162ESC<br \/>\n\u2022 Premiul pentru cel mai bun film studen\u0163esc: filmul Echilibru ( Rom\u00e2nia ),<br \/>\nregia: Alexandru Badea, imaginea: \u015etefania Grigorescu<br \/>\n\u2022 Premiul pentru regie: Maud Neve \u0219i Nora Buret din Belgia pentru filmul Julia<br \/>\n\u2022 Premiul pentru imagine: Florin Varna din Rom\u00e2nia pentru filmul Fereastra<\/p>\n<p><strong>SEC\u0162IUNEA FILM TURISTIC<\/strong><br \/>\n\u2022 Premiul pentru cel mai bun film turistic: filmul Misterele bisericii boierului Curt ( Rom\u00e2nia ), regia: Gabriela Baiardi, imaginea: Relu Tab\u0103r\u0103 Juriul a mai acordat dou\u0103 PREMII SPECIALE pentru filmele:<br \/>\n\u2022 Un loc diferit ( Spania ), regia: Rafael Gonzales Perez \u0219i Eduardo Lopez &#8211; Jamar, imaginea: Ivan Fernandez Lopez<br \/>\n\u2022 O \u015fop\u00e2rl\u0103 sub piele ( Belgia ), regia: Maude Neve, imaginea: Jeremy Bell","protected":false},"excerpt":{"rendered":"<p>Prim\u0103ria Ora\u0219ului Gura Humorului, Centrul Cultural Gura Humorului, Consiliul Jude\u021bean Suceava, Centrul Cultural Bucovina \u2013 organizatori ai celei de-a XXXV-a edi\u021bii a Festivalului Interna\u021bional de Film, Diaporam\u0103 \u0219i Fotografie TOAMNA LA VORONE\u021a, ce a avut loc \u00een ora\u0219ul Gura Humorului \u00een perioada 2- 4 octombrie 2015 &#8211; anun\u021b\u0103 rezultatele acestei edi\u021bii. \u00cen concurs s-au \u00eenscris &hellip; <a href=\"https:\/\/www.toamnalavoronet.ro\/en\/editii\/editia-35-2015\/premii-2015\/\" class=\"excerpt-link\">Read More<\/a><\/p>\n","protected":false},"author":2,"featured_media":0,"parent":10179,"menu_order":0,"comment_status":"closed","ping_status":"closed","template":"","meta":{"ngg_post_thumbnail":0},"yoast_head":"<!-- This site is optimized with the Yoast SEO plugin v21.3 - https:\/\/yoast.com\/wordpress\/plugins\/seo\/ -->\n<title>Premii 2015 - Toamn\u0103 la Vorone\u021b<\/title>\n<meta name=\"robots\" content=\"index, follow, max-snippet:-1, max-image-preview:large, max-video-preview:-1\" \/>\n<link rel=\"canonical\" href=\"https:\/\/www.toamnalavoronet.ro\/editii\/editia-35-2015\/premii-2015\/\" \/>\n<meta property=\"og:locale\" content=\"en_US\" \/>\n<meta property=\"og:type\" content=\"article\" \/>\n<meta property=\"og:title\" content=\"Premii 2015 - Toamn\u0103 la Vorone\u021b\" \/>\n<meta property=\"og:description\" content=\"Prim\u0103ria Ora\u0219ului Gura Humorului, Centrul Cultural Gura Humorului, Consiliul Jude\u021bean Suceava, Centrul Cultural Bucovina \u2013 organizatori ai celei de-a XXXV-a edi\u021bii a Festivalului Interna\u021bional de Film, Diaporam\u0103 \u0219i Fotografie TOAMNA LA VORONE\u021a, ce a avut loc \u00een ora\u0219ul Gura Humorului \u00een perioada 2- 4 octombrie 2015 &#8211; anun\u021b\u0103 rezultatele acestei edi\u021bii. \u00cen concurs s-au \u00eenscris &hellip; Read More\" \/>\n<meta property=\"og:url\" content=\"https:\/\/www.toamnalavoronet.ro\/editii\/editia-35-2015\/premii-2015\/\" \/>\n<meta property=\"og:site_name\" content=\"Toamn\u0103 la Vorone\u021b\" \/>\n<meta property=\"article:publisher\" content=\"https:\/\/www.facebook.com\/culturahumor.ro\/\" \/>\n<meta property=\"article:modified_time\" content=\"2020-09-10T13:34:55+00:00\" \/>\n<meta name=\"twitter:card\" content=\"summary_large_image\" \/>\n<meta name=\"twitter:label1\" content=\"Est. reading time\" \/>\n\t<meta name=\"twitter:data1\" content=\"3 minutes\" \/>\n<script type=\"application\/ld+json\" class=\"yoast-schema-graph\">{\"@context\":\"https:\/\/schema.org\",\"@graph\":[{\"@type\":\"WebPage\",\"@id\":\"https:\/\/www.toamnalavoronet.ro\/editii\/editia-35-2015\/premii-2015\/\",\"url\":\"https:\/\/www.toamnalavoronet.ro\/editii\/editia-35-2015\/premii-2015\/\",\"name\":\"Premii 2015 - Toamn\u0103 la Vorone\u021b\",\"isPartOf\":{\"@id\":\"https:\/\/www.toamnalavoronet.ro\/#website\"},\"datePublished\":\"2020-09-09T22:04:23+00:00\",\"dateModified\":\"2020-09-10T13:34:55+00:00\",\"breadcrumb\":{\"@id\":\"https:\/\/www.toamnalavoronet.ro\/editii\/editia-35-2015\/premii-2015\/#breadcrumb\"},\"inLanguage\":\"en-US\",\"potentialAction\":[{\"@type\":\"ReadAction\",\"target\":[\"https:\/\/www.toamnalavoronet.ro\/editii\/editia-35-2015\/premii-2015\/\"]}]},{\"@type\":\"BreadcrumbList\",\"@id\":\"https:\/\/www.toamnalavoronet.ro\/editii\/editia-35-2015\/premii-2015\/#breadcrumb\",\"itemListElement\":[{\"@type\":\"ListItem\",\"position\":1,\"name\":\"Prima pagin\u0103\",\"item\":\"https:\/\/www.toamnalavoronet.ro\/\"},{\"@type\":\"ListItem\",\"position\":2,\"name\":\"Editii Toamn\u0103 la Vorone\u021b\",\"item\":\"https:\/\/www.toamnalavoronet.ro\/editii\/\"},{\"@type\":\"ListItem\",\"position\":3,\"name\":\"Editia 35 &#8211; 2015\",\"item\":\"https:\/\/www.toamnalavoronet.ro\/editii\/editia-35-2015\/\"},{\"@type\":\"ListItem\",\"position\":4,\"name\":\"Premii 2015\"}]},{\"@type\":\"WebSite\",\"@id\":\"https:\/\/www.toamnalavoronet.ro\/#website\",\"url\":\"https:\/\/www.toamnalavoronet.ro\/\",\"name\":\"Toamn\u0103 la Vorone\u021b\",\"description\":\"The  International  Film  Festival \u201cAutumn in Voronet\u201d\",\"publisher\":{\"@id\":\"https:\/\/www.toamnalavoronet.ro\/#organization\"},\"potentialAction\":[{\"@type\":\"SearchAction\",\"target\":{\"@type\":\"EntryPoint\",\"urlTemplate\":\"https:\/\/www.toamnalavoronet.ro\/?s={search_term_string}\"},\"query-input\":\"required name=search_term_string\"}],\"inLanguage\":\"en-US\"},{\"@type\":\"Organization\",\"@id\":\"https:\/\/www.toamnalavoronet.ro\/#organization\",\"name\":\"Toamn\u0103 la Vorone\u021b - Festivalul Interna\u021bional de Film, Diaporam\u0103 \u0219i Fotografie\",\"url\":\"https:\/\/www.toamnalavoronet.ro\/\",\"logo\":{\"@type\":\"ImageObject\",\"inLanguage\":\"en-US\",\"@id\":\"https:\/\/www.toamnalavoronet.ro\/#\/schema\/logo\/image\/\",\"url\":\"https:\/\/www.toamnalavoronet.ro\/wp-content\/uploads\/2020\/07\/icon.jpg\",\"contentUrl\":\"https:\/\/www.toamnalavoronet.ro\/wp-content\/uploads\/2020\/07\/icon.jpg\",\"width\":100,\"height\":100,\"caption\":\"Toamn\u0103 la Vorone\u021b - Festivalul Interna\u021bional de Film, Diaporam\u0103 \u0219i Fotografie\"},\"image\":{\"@id\":\"https:\/\/www.toamnalavoronet.ro\/#\/schema\/logo\/image\/\"},\"sameAs\":[\"https:\/\/www.facebook.com\/culturahumor.ro\/\",\"https:\/\/www.youtube.com\/channel\/UCLJxDrTSePhKryOJXju3cYQ\"]}]}<\/script>\n<!-- \/ Yoast SEO plugin. -->","yoast_head_json":{"title":"Premii 2015 - Toamn\u0103 la Vorone\u021b","robots":{"index":"index","follow":"follow","max-snippet":"max-snippet:-1","max-image-preview":"max-image-preview:large","max-video-preview":"max-video-preview:-1"},"canonical":"https:\/\/www.toamnalavoronet.ro\/editii\/editia-35-2015\/premii-2015\/","og_locale":"en_US","og_type":"article","og_title":"Premii 2015 - Toamn\u0103 la Vorone\u021b","og_description":"Prim\u0103ria Ora\u0219ului Gura Humorului, Centrul Cultural Gura Humorului, Consiliul Jude\u021bean Suceava, Centrul Cultural Bucovina \u2013 organizatori ai celei de-a XXXV-a edi\u021bii a Festivalului Interna\u021bional de Film, Diaporam\u0103 \u0219i Fotografie TOAMNA LA VORONE\u021a, ce a avut loc \u00een ora\u0219ul Gura Humorului \u00een perioada 2- 4 octombrie 2015 &#8211; anun\u021b\u0103 rezultatele acestei edi\u021bii. \u00cen concurs s-au \u00eenscris &hellip; Read More","og_url":"https:\/\/www.toamnalavoronet.ro\/editii\/editia-35-2015\/premii-2015\/","og_site_name":"Toamn\u0103 la Vorone\u021b","article_publisher":"https:\/\/www.facebook.com\/culturahumor.ro\/","article_modified_time":"2020-09-10T13:34:55+00:00","twitter_card":"summary_large_image","twitter_misc":{"Est. reading time":"3 minutes"},"schema":{"@context":"https:\/\/schema.org","@graph":[{"@type":"WebPage","@id":"https:\/\/www.toamnalavoronet.ro\/editii\/editia-35-2015\/premii-2015\/","url":"https:\/\/www.toamnalavoronet.ro\/editii\/editia-35-2015\/premii-2015\/","name":"Premii 2015 - Toamn\u0103 la Vorone\u021b","isPartOf":{"@id":"https:\/\/www.toamnalavoronet.ro\/#website"},"datePublished":"2020-09-09T22:04:23+00:00","dateModified":"2020-09-10T13:34:55+00:00","breadcrumb":{"@id":"https:\/\/www.toamnalavoronet.ro\/editii\/editia-35-2015\/premii-2015\/#breadcrumb"},"inLanguage":"en-US","potentialAction":[{"@type":"ReadAction","target":["https:\/\/www.toamnalavoronet.ro\/editii\/editia-35-2015\/premii-2015\/"]}]},{"@type":"BreadcrumbList","@id":"https:\/\/www.toamnalavoronet.ro\/editii\/editia-35-2015\/premii-2015\/#breadcrumb","itemListElement":[{"@type":"ListItem","position":1,"name":"Prima pagin\u0103","item":"https:\/\/www.toamnalavoronet.ro\/"},{"@type":"ListItem","position":2,"name":"Editii Toamn\u0103 la Vorone\u021b","item":"https:\/\/www.toamnalavoronet.ro\/editii\/"},{"@type":"ListItem","position":3,"name":"Editia 35 &#8211; 2015","item":"https:\/\/www.toamnalavoronet.ro\/editii\/editia-35-2015\/"},{"@type":"ListItem","position":4,"name":"Premii 2015"}]},{"@type":"WebSite","@id":"https:\/\/www.toamnalavoronet.ro\/#website","url":"https:\/\/www.toamnalavoronet.ro\/","name":"Toamn\u0103 la Vorone\u021b","description":"The  International  Film  Festival \u201cAutumn in Voronet\u201d","publisher":{"@id":"https:\/\/www.toamnalavoronet.ro\/#organization"},"potentialAction":[{"@type":"SearchAction","target":{"@type":"EntryPoint","urlTemplate":"https:\/\/www.toamnalavoronet.ro\/?s={search_term_string}"},"query-input":"required name=search_term_string"}],"inLanguage":"en-US"},{"@type":"Organization","@id":"https:\/\/www.toamnalavoronet.ro\/#organization","name":"Toamn\u0103 la Vorone\u021b - Festivalul Interna\u021bional de Film, Diaporam\u0103 \u0219i Fotografie","url":"https:\/\/www.toamnalavoronet.ro\/","logo":{"@type":"ImageObject","inLanguage":"en-US","@id":"https:\/\/www.toamnalavoronet.ro\/#\/schema\/logo\/image\/","url":"https:\/\/www.toamnalavoronet.ro\/wp-content\/uploads\/2020\/07\/icon.jpg","contentUrl":"https:\/\/www.toamnalavoronet.ro\/wp-content\/uploads\/2020\/07\/icon.jpg","width":100,"height":100,"caption":"Toamn\u0103 la Vorone\u021b - Festivalul Interna\u021bional de Film, Diaporam\u0103 \u0219i Fotografie"},"image":{"@id":"https:\/\/www.toamnalavoronet.ro\/#\/schema\/logo\/image\/"},"sameAs":["https:\/\/www.facebook.com\/culturahumor.ro\/","https:\/\/www.youtube.com\/channel\/UCLJxDrTSePhKryOJXju3cYQ"]}]}},"_links":{"self":[{"href":"https:\/\/www.toamnalavoronet.ro\/en\/wp-json\/wp\/v2\/pages\/10181"}],"collection":[{"href":"https:\/\/www.toamnalavoronet.ro\/en\/wp-json\/wp\/v2\/pages"}],"about":[{"href":"https:\/\/www.toamnalavoronet.ro\/en\/wp-json\/wp\/v2\/types\/page"}],"author":[{"embeddable":true,"href":"https:\/\/www.toamnalavoronet.ro\/en\/wp-json\/wp\/v2\/users\/2"}],"replies":[{"embeddable":true,"href":"https:\/\/www.toamnalavoronet.ro\/en\/wp-json\/wp\/v2\/comments?post=10181"}],"version-history":[{"count":4,"href":"https:\/\/www.toamnalavoronet.ro\/en\/wp-json\/wp\/v2\/pages\/10181\/revisions"}],"predecessor-version":[{"id":10252,"href":"https:\/\/www.toamnalavoronet.ro\/en\/wp-json\/wp\/v2\/pages\/10181\/revisions\/10252"}],"up":[{"embeddable":true,"href":"https:\/\/www.toamnalavoronet.ro\/en\/wp-json\/wp\/v2\/pages\/10179"}],"wp:attachment":[{"href":"https:\/\/www.toamnalavoronet.ro\/en\/wp-json\/wp\/v2\/media?parent=10181"}],"curies":[{"name":"wp","href":"https:\/\/api.w.org\/{rel}","templated":true}]}}