{"id":10196,"date":"2020-09-10T11:32:46","date_gmt":"2020-09-10T11:32:46","guid":{"rendered":"http:\/\/www.toamnalavoronet.ro\/?page_id=10196"},"modified":"2020-09-16T20:15:27","modified_gmt":"2020-09-16T20:15:27","slug":"premii-2014","status":"publish","type":"page","link":"https:\/\/www.toamnalavoronet.ro\/en\/editii\/editia-34-2014\/premii-2014\/","title":{"rendered":"Premii 2014"},"content":{"rendered":"<p>Organizatorii Festivalului International \u201eTOAMNA LA VORONET\u201d Editia a XXXIV-a GURA HUMORULUI, ROMANIA, 24-26 octombrie 2014 anunta premiile acestei editii:<\/p>\n<h3>SEC\u0162IUNEA FILM DOCUMENTAR<\/h3>\n<p><strong>Premiul pentru cel mai bun film documentar \u2013 2500 lei<\/strong><br \/>\nMA\u015eINA RU\u015eILOR \/ THE RUSSIANS MACHINE<br \/>\nSpania \/ Spain<br \/>\nRegia \u015fi imaginea \/ Director and Cinematography : Octavio Guerra<\/p>\n<p><strong>Premiul pentru regie \u2013 1000 lei<\/strong><br \/>\n\u015eI DUMNZEU&#8230; A CREAT B\u0102RBATUL \/ AND GOD &#8230; CREATED MAN Rom\u00e2nia \/ Romania<br \/>\nRegia \/ Director: Diana Deleanu<\/p>\n<p><strong>Premiul pentru imagine \u2013 1000 lei<\/strong><br \/>\nBOLILE S\u0102N\u0102T\u0102\u0162II MINTALE \/ MENTAL HEALTH DISEASES<br \/>\nRom\u00e2nia \/ Romania<br \/>\nImaginea \/ Cinematography : Cristian Sb\u00eengu<\/p>\n<p><strong>Premiul juriului \u2013 1000 lei<\/strong><br \/>\nS\u0102LBATIC \/ WILD<br \/>\nRom\u00e2nia \/ Romania<br \/>\nRegia \u015fi imaginea \/ Director and Cinematography : Dan Curean<\/p>\n<h3>SEC\u0162IUNEA FILM STUDEN\u0162ESC<\/h3>\n<p><strong>Premiul pentru cel mai bun film studen\u0163esc \u2013 2500 lei<\/strong><br \/>\nBRIGADA NEAGR\u0102 \/ BLACK BRIGADE<br \/>\nRom\u00e2nia \/ Romania<br \/>\nRegia \/ Director: Andrei-Nicolae Teodorescu<br \/>\nImaginea \/ Cinematography: Tudor-Vladimir Panduru<\/p>\n<p><strong>Premiul pentru regie \u2013 1000 lei<\/strong><br \/>\n1969 LUNA \/ 1969 MONTH<br \/>\nRom\u00e2nia \/ Romania<br \/>\nRegia \/ Director: Alexandru-Aurelian Ispas<\/p>\n<p><strong>Premiul pentru imagine \u2013 1000 lei<\/strong><br \/>\nO ALT\u0102 ZI A OMENIRII \/ ANOTHER DAY OF MANKIND<br \/>\nImaginea \/ Cinematography: Alexandru Vlad<\/p>\n<h3>SEC\u0162IUNEA FILM TURISTIC<\/h3>\n<p><strong>Premiul pentru cel mai bun film turistic \u2013 nu se acord\u0103<\/strong><\/p>\n<h3>JURIUL FESTIVALULUI<\/h3>\n<p>Regizor, scenaris CRISTI PUIU &#8211; Pre\u015fedinte<br \/>\nRegizor, scenarist, prof.univ.dr. LAUREN\u0162IU DAMIAN<br \/>\nProduc\u0103tor \u015fi managet TVR Ia\u015fi CARMEN OLARU<br \/>\nActor ALEXANDRU PAPADOPOL<br \/>\nScriitor \u015fi publicist LIVIU ANTONESEI<\/p>\n","protected":false},"excerpt":{"rendered":"<p>Organizatorii Festivalului International \u201eTOAMNA LA VORONET\u201d Editia a XXXIV-a GURA HUMORULUI, ROMANIA, 24-26 octombrie 2014 anunta premiile acestei editii: SEC\u0162IUNEA FILM DOCUMENTAR Premiul pentru cel mai bun film documentar \u2013 2500 lei MA\u015eINA RU\u015eILOR \/ THE RUSSIANS MACHINE Spania \/ Spain Regia \u015fi imaginea \/ Director and Cinematography : Octavio Guerra Premiul pentru regie \u2013 &hellip; <a href=\"https:\/\/www.toamnalavoronet.ro\/en\/editii\/editia-34-2014\/premii-2014\/\" class=\"excerpt-link\">Read More<\/a><\/p>\n","protected":false},"author":2,"featured_media":0,"parent":10194,"menu_order":0,"comment_status":"closed","ping_status":"closed","template":"","meta":{"ngg_post_thumbnail":0},"yoast_head":"<!-- This site is optimized with the Yoast SEO plugin v21.3 - https:\/\/yoast.com\/wordpress\/plugins\/seo\/ -->\n<title>Premii 2014 - Toamn\u0103 la Vorone\u021b<\/title>\n<meta name=\"robots\" content=\"index, follow, max-snippet:-1, max-image-preview:large, max-video-preview:-1\" \/>\n<link rel=\"canonical\" href=\"https:\/\/www.toamnalavoronet.ro\/editii\/editia-34-2014\/premii-2014\/\" \/>\n<meta property=\"og:locale\" content=\"en_US\" \/>\n<meta property=\"og:type\" content=\"article\" \/>\n<meta property=\"og:title\" content=\"Premii 2014 - Toamn\u0103 la Vorone\u021b\" \/>\n<meta property=\"og:description\" content=\"Organizatorii Festivalului International \u201eTOAMNA LA VORONET\u201d Editia a XXXIV-a GURA HUMORULUI, ROMANIA, 24-26 octombrie 2014 anunta premiile acestei editii: SEC\u0162IUNEA FILM DOCUMENTAR Premiul pentru cel mai bun film documentar \u2013 2500 lei MA\u015eINA RU\u015eILOR \/ THE RUSSIANS MACHINE Spania \/ Spain Regia \u015fi imaginea \/ Director and Cinematography : Octavio Guerra Premiul pentru regie \u2013 &hellip; Read More\" \/>\n<meta property=\"og:url\" content=\"https:\/\/www.toamnalavoronet.ro\/editii\/editia-34-2014\/premii-2014\/\" \/>\n<meta property=\"og:site_name\" content=\"Toamn\u0103 la Vorone\u021b\" \/>\n<meta property=\"article:publisher\" content=\"https:\/\/www.facebook.com\/culturahumor.ro\/\" \/>\n<meta property=\"article:modified_time\" content=\"2020-09-16T20:15:27+00:00\" \/>\n<meta name=\"twitter:card\" content=\"summary_large_image\" \/>\n<meta name=\"twitter:label1\" content=\"Est. reading time\" \/>\n\t<meta name=\"twitter:data1\" content=\"1 minute\" \/>\n<script type=\"application\/ld+json\" class=\"yoast-schema-graph\">{\"@context\":\"https:\/\/schema.org\",\"@graph\":[{\"@type\":\"WebPage\",\"@id\":\"https:\/\/www.toamnalavoronet.ro\/editii\/editia-34-2014\/premii-2014\/\",\"url\":\"https:\/\/www.toamnalavoronet.ro\/editii\/editia-34-2014\/premii-2014\/\",\"name\":\"Premii 2014 - Toamn\u0103 la Vorone\u021b\",\"isPartOf\":{\"@id\":\"https:\/\/www.toamnalavoronet.ro\/#website\"},\"datePublished\":\"2020-09-10T11:32:46+00:00\",\"dateModified\":\"2020-09-16T20:15:27+00:00\",\"breadcrumb\":{\"@id\":\"https:\/\/www.toamnalavoronet.ro\/editii\/editia-34-2014\/premii-2014\/#breadcrumb\"},\"inLanguage\":\"en-US\",\"potentialAction\":[{\"@type\":\"ReadAction\",\"target\":[\"https:\/\/www.toamnalavoronet.ro\/editii\/editia-34-2014\/premii-2014\/\"]}]},{\"@type\":\"BreadcrumbList\",\"@id\":\"https:\/\/www.toamnalavoronet.ro\/editii\/editia-34-2014\/premii-2014\/#breadcrumb\",\"itemListElement\":[{\"@type\":\"ListItem\",\"position\":1,\"name\":\"Prima pagin\u0103\",\"item\":\"https:\/\/www.toamnalavoronet.ro\/\"},{\"@type\":\"ListItem\",\"position\":2,\"name\":\"Editii Toamn\u0103 la Vorone\u021b\",\"item\":\"https:\/\/www.toamnalavoronet.ro\/editii\/\"},{\"@type\":\"ListItem\",\"position\":3,\"name\":\"Editia 34 &#8211; 2014\",\"item\":\"https:\/\/www.toamnalavoronet.ro\/editii\/editia-34-2014\/\"},{\"@type\":\"ListItem\",\"position\":4,\"name\":\"Premii 2014\"}]},{\"@type\":\"WebSite\",\"@id\":\"https:\/\/www.toamnalavoronet.ro\/#website\",\"url\":\"https:\/\/www.toamnalavoronet.ro\/\",\"name\":\"Toamn\u0103 la Vorone\u021b\",\"description\":\"The  International  Film  Festival \u201cAutumn in Voronet\u201d\",\"publisher\":{\"@id\":\"https:\/\/www.toamnalavoronet.ro\/#organization\"},\"potentialAction\":[{\"@type\":\"SearchAction\",\"target\":{\"@type\":\"EntryPoint\",\"urlTemplate\":\"https:\/\/www.toamnalavoronet.ro\/?s={search_term_string}\"},\"query-input\":\"required name=search_term_string\"}],\"inLanguage\":\"en-US\"},{\"@type\":\"Organization\",\"@id\":\"https:\/\/www.toamnalavoronet.ro\/#organization\",\"name\":\"Toamn\u0103 la Vorone\u021b - Festivalul Interna\u021bional de Film, Diaporam\u0103 \u0219i Fotografie\",\"url\":\"https:\/\/www.toamnalavoronet.ro\/\",\"logo\":{\"@type\":\"ImageObject\",\"inLanguage\":\"en-US\",\"@id\":\"https:\/\/www.toamnalavoronet.ro\/#\/schema\/logo\/image\/\",\"url\":\"https:\/\/www.toamnalavoronet.ro\/wp-content\/uploads\/2020\/07\/icon.jpg\",\"contentUrl\":\"https:\/\/www.toamnalavoronet.ro\/wp-content\/uploads\/2020\/07\/icon.jpg\",\"width\":100,\"height\":100,\"caption\":\"Toamn\u0103 la Vorone\u021b - Festivalul Interna\u021bional de Film, Diaporam\u0103 \u0219i Fotografie\"},\"image\":{\"@id\":\"https:\/\/www.toamnalavoronet.ro\/#\/schema\/logo\/image\/\"},\"sameAs\":[\"https:\/\/www.facebook.com\/culturahumor.ro\/\",\"https:\/\/www.youtube.com\/channel\/UCLJxDrTSePhKryOJXju3cYQ\"]}]}<\/script>\n<!-- \/ Yoast SEO plugin. -->","yoast_head_json":{"title":"Premii 2014 - Toamn\u0103 la Vorone\u021b","robots":{"index":"index","follow":"follow","max-snippet":"max-snippet:-1","max-image-preview":"max-image-preview:large","max-video-preview":"max-video-preview:-1"},"canonical":"https:\/\/www.toamnalavoronet.ro\/editii\/editia-34-2014\/premii-2014\/","og_locale":"en_US","og_type":"article","og_title":"Premii 2014 - Toamn\u0103 la Vorone\u021b","og_description":"Organizatorii Festivalului International \u201eTOAMNA LA VORONET\u201d Editia a XXXIV-a GURA HUMORULUI, ROMANIA, 24-26 octombrie 2014 anunta premiile acestei editii: SEC\u0162IUNEA FILM DOCUMENTAR Premiul pentru cel mai bun film documentar \u2013 2500 lei MA\u015eINA RU\u015eILOR \/ THE RUSSIANS MACHINE Spania \/ Spain Regia \u015fi imaginea \/ Director and Cinematography : Octavio Guerra Premiul pentru regie \u2013 &hellip; Read More","og_url":"https:\/\/www.toamnalavoronet.ro\/editii\/editia-34-2014\/premii-2014\/","og_site_name":"Toamn\u0103 la Vorone\u021b","article_publisher":"https:\/\/www.facebook.com\/culturahumor.ro\/","article_modified_time":"2020-09-16T20:15:27+00:00","twitter_card":"summary_large_image","twitter_misc":{"Est. reading time":"1 minute"},"schema":{"@context":"https:\/\/schema.org","@graph":[{"@type":"WebPage","@id":"https:\/\/www.toamnalavoronet.ro\/editii\/editia-34-2014\/premii-2014\/","url":"https:\/\/www.toamnalavoronet.ro\/editii\/editia-34-2014\/premii-2014\/","name":"Premii 2014 - Toamn\u0103 la Vorone\u021b","isPartOf":{"@id":"https:\/\/www.toamnalavoronet.ro\/#website"},"datePublished":"2020-09-10T11:32:46+00:00","dateModified":"2020-09-16T20:15:27+00:00","breadcrumb":{"@id":"https:\/\/www.toamnalavoronet.ro\/editii\/editia-34-2014\/premii-2014\/#breadcrumb"},"inLanguage":"en-US","potentialAction":[{"@type":"ReadAction","target":["https:\/\/www.toamnalavoronet.ro\/editii\/editia-34-2014\/premii-2014\/"]}]},{"@type":"BreadcrumbList","@id":"https:\/\/www.toamnalavoronet.ro\/editii\/editia-34-2014\/premii-2014\/#breadcrumb","itemListElement":[{"@type":"ListItem","position":1,"name":"Prima pagin\u0103","item":"https:\/\/www.toamnalavoronet.ro\/"},{"@type":"ListItem","position":2,"name":"Editii Toamn\u0103 la Vorone\u021b","item":"https:\/\/www.toamnalavoronet.ro\/editii\/"},{"@type":"ListItem","position":3,"name":"Editia 34 &#8211; 2014","item":"https:\/\/www.toamnalavoronet.ro\/editii\/editia-34-2014\/"},{"@type":"ListItem","position":4,"name":"Premii 2014"}]},{"@type":"WebSite","@id":"https:\/\/www.toamnalavoronet.ro\/#website","url":"https:\/\/www.toamnalavoronet.ro\/","name":"Toamn\u0103 la Vorone\u021b","description":"The  International  Film  Festival \u201cAutumn in Voronet\u201d","publisher":{"@id":"https:\/\/www.toamnalavoronet.ro\/#organization"},"potentialAction":[{"@type":"SearchAction","target":{"@type":"EntryPoint","urlTemplate":"https:\/\/www.toamnalavoronet.ro\/?s={search_term_string}"},"query-input":"required name=search_term_string"}],"inLanguage":"en-US"},{"@type":"Organization","@id":"https:\/\/www.toamnalavoronet.ro\/#organization","name":"Toamn\u0103 la Vorone\u021b - Festivalul Interna\u021bional de Film, Diaporam\u0103 \u0219i Fotografie","url":"https:\/\/www.toamnalavoronet.ro\/","logo":{"@type":"ImageObject","inLanguage":"en-US","@id":"https:\/\/www.toamnalavoronet.ro\/#\/schema\/logo\/image\/","url":"https:\/\/www.toamnalavoronet.ro\/wp-content\/uploads\/2020\/07\/icon.jpg","contentUrl":"https:\/\/www.toamnalavoronet.ro\/wp-content\/uploads\/2020\/07\/icon.jpg","width":100,"height":100,"caption":"Toamn\u0103 la Vorone\u021b - Festivalul Interna\u021bional de Film, Diaporam\u0103 \u0219i Fotografie"},"image":{"@id":"https:\/\/www.toamnalavoronet.ro\/#\/schema\/logo\/image\/"},"sameAs":["https:\/\/www.facebook.com\/culturahumor.ro\/","https:\/\/www.youtube.com\/channel\/UCLJxDrTSePhKryOJXju3cYQ"]}]}},"_links":{"self":[{"href":"https:\/\/www.toamnalavoronet.ro\/en\/wp-json\/wp\/v2\/pages\/10196"}],"collection":[{"href":"https:\/\/www.toamnalavoronet.ro\/en\/wp-json\/wp\/v2\/pages"}],"about":[{"href":"https:\/\/www.toamnalavoronet.ro\/en\/wp-json\/wp\/v2\/types\/page"}],"author":[{"embeddable":true,"href":"https:\/\/www.toamnalavoronet.ro\/en\/wp-json\/wp\/v2\/users\/2"}],"replies":[{"embeddable":true,"href":"https:\/\/www.toamnalavoronet.ro\/en\/wp-json\/wp\/v2\/comments?post=10196"}],"version-history":[{"count":11,"href":"https:\/\/www.toamnalavoronet.ro\/en\/wp-json\/wp\/v2\/pages\/10196\/revisions"}],"predecessor-version":[{"id":10989,"href":"https:\/\/www.toamnalavoronet.ro\/en\/wp-json\/wp\/v2\/pages\/10196\/revisions\/10989"}],"up":[{"embeddable":true,"href":"https:\/\/www.toamnalavoronet.ro\/en\/wp-json\/wp\/v2\/pages\/10194"}],"wp:attachment":[{"href":"https:\/\/www.toamnalavoronet.ro\/en\/wp-json\/wp\/v2\/media?parent=10196"}],"curies":[{"name":"wp","href":"https:\/\/api.w.org\/{rel}","templated":true}]}}