{"id":10210,"date":"2020-09-10T13:03:59","date_gmt":"2020-09-10T13:03:59","guid":{"rendered":"http:\/\/www.toamnalavoronet.ro\/?page_id=10210"},"modified":"2020-09-10T13:05:47","modified_gmt":"2020-09-10T13:05:47","slug":"premii-2013","status":"publish","type":"page","link":"https:\/\/www.toamnalavoronet.ro\/en\/editii\/editia-33-2013\/premii-2013\/","title":{"rendered":"Premii 2013"},"content":{"rendered":"<p><strong>FESTIVALUL INTERNA\u0162IONAL DE FILM, DIAPORAM\u0102 \u015eI FOTOGRAFIE \u201eTOAMN\u0102 LA VORONE\u0162\u201d &#8211; Edi\u0163ia XXXIII<\/strong><\/p>\n<p><strong>Gura Humorului<\/strong><br \/>\n<strong> 22-25 octombrie 2013<\/strong><br \/>\nPROCES VERBAL DE JURIZARE<br \/>\n\u00eencheiat ast\u0103zi, 26 octombrie 2013<br \/>\nJuriul sec\u0163iunii film \u015fi dipaoram\u0103 a Festivalului \u201eToamn\u0103 la Vorone\u0163, edi\u0163ia a XXXIII-a din anul 2013, format din:<\/p>\n<p>1. Lauren\u0163iu Damian \u2013 pre\u015fedinte<br \/>\n2. Elisabeta Bostan &#8211; membru<br \/>\n3. Mihai Or\u0103\u015fanu &#8211; membru<br \/>\n4. Vivi Dr\u0103gan Vasile &#8211; membru<br \/>\n5. Silviu Jicman \u2013 membru<\/p>\n<p>Elvira Romaniuc \u2013 secretar juriu<\/p>\n<p>A decis acordarea urm\u0103toarelor premii:<\/p>\n<h2>SEC\u0162IUNEA FILM DOCUMENTAR<\/h2>\n<p><strong>Premiul pentru cel mai bun film documentar \u2013 2500 lei<\/strong><br \/>\nFilmul VASILE SOPORAN &#8211; Rom\u00e2nia<br \/>\nRegia \u015fi imaginea: Francisc Mraz<\/p>\n<p><strong>Premiul pentru regie<\/strong> \u2013 1000 lei se acord\u0103 EX AEQUO pentru :<br \/>\nFilmul 13 &#8211; Rom\u00e2nia<br \/>\nRegia: S\u00eenziana Vizinteanu<br \/>\nFilmul AGAPIA, POEZIA RAIULUI &#8211; Rom\u00e2nia<br \/>\nRegia: Gabriela Baiardi<\/p>\n<p><strong>Premiul pentru imagine \u2013 1000 lei<\/strong><br \/>\nFilmul ON ICE &#8211; Finlanda<br \/>\nImaginea: Noora Kuparinen<\/p>\n<p><strong>Premiul UCIN \u2013 2500 lei<\/strong><br \/>\nFilmul RIO 2016 &#8211; Rom\u00e2nia<br \/>\nRegia \u015fi imaginea Bianca Rotaru<\/p>\n<h2>SEC\u0162IUNEA FILM STUDEN\u0162ESC<\/h2>\n<p><strong>Premiul pentru cel mai bun film studen\u0163esc \u2013 2500 lei<\/strong><br \/>\nFilmul ALL SOULS&#8217; DAY &#8211; Polonia<br \/>\nRegia: Aleksandra Terpinska<br \/>\nImaginea: Bartosz Bienek<\/p>\n<p><strong>Premiul pentru regie \u2013 1000 lei<\/strong><br \/>\nFilmul ZINNEKE &#8211; Belgia<br \/>\nRegia: Remi Allier<\/p>\n<p><strong>Premiul pentru imagine \u2013 1000 LEI<\/strong><br \/>\nFilmul DER PHILATELIST &#8211; Germania<br \/>\nImaginea: Peter Drittenpreis<\/p>\n<h2>SEC\u0162IUNEA FILM TURISTIC<\/h2>\n<p><strong>Premiul pentru cel mai bun film turistic<\/strong> \u2013 1000 lei<br \/>\nFilmul GLASURILE PUTNEI &#8211; Rom\u00e2nia<br \/>\nRegia Violeta Gorgos<br \/>\nImaginea: CristianSb\u00eengu<\/p>\n<h2>SEC\u0162IUNEA DIAPORAMA<\/h2>\n<p>Premiul pentru pentru cea mai bun\u0103 diaporam\u0103<br \/>\nNU SE ACORD\u0102<\/p>\n","protected":false},"excerpt":{"rendered":"<p>FESTIVALUL INTERNA\u0162IONAL DE FILM, DIAPORAM\u0102 \u015eI FOTOGRAFIE \u201eTOAMN\u0102 LA VORONE\u0162\u201d &#8211; Edi\u0163ia XXXIII Gura Humorului 22-25 octombrie 2013 PROCES VERBAL DE JURIZARE \u00eencheiat ast\u0103zi, 26 octombrie 2013 Juriul sec\u0163iunii film \u015fi dipaoram\u0103 a Festivalului \u201eToamn\u0103 la Vorone\u0163, edi\u0163ia a XXXIII-a din anul 2013, format din: 1. Lauren\u0163iu Damian \u2013 pre\u015fedinte 2. Elisabeta Bostan &#8211; membru &hellip; <a href=\"https:\/\/www.toamnalavoronet.ro\/en\/editii\/editia-33-2013\/premii-2013\/\" class=\"excerpt-link\">Read More<\/a><\/p>\n","protected":false},"author":2,"featured_media":0,"parent":10208,"menu_order":0,"comment_status":"closed","ping_status":"closed","template":"","meta":{"ngg_post_thumbnail":0},"yoast_head":"<!-- This site is optimized with the Yoast SEO plugin v21.3 - https:\/\/yoast.com\/wordpress\/plugins\/seo\/ -->\n<title>Premii 2013 - Toamn\u0103 la Vorone\u021b<\/title>\n<meta name=\"robots\" content=\"index, follow, max-snippet:-1, max-image-preview:large, max-video-preview:-1\" \/>\n<link rel=\"canonical\" href=\"https:\/\/www.toamnalavoronet.ro\/en\/editii\/editia-33-2013\/premii-2013\/\" \/>\n<meta property=\"og:locale\" content=\"en_US\" \/>\n<meta property=\"og:type\" content=\"article\" \/>\n<meta property=\"og:title\" content=\"Premii 2013 - Toamn\u0103 la Vorone\u021b\" \/>\n<meta property=\"og:description\" content=\"FESTIVALUL INTERNA\u0162IONAL DE FILM, DIAPORAM\u0102 \u015eI FOTOGRAFIE \u201eTOAMN\u0102 LA VORONE\u0162\u201d &#8211; Edi\u0163ia XXXIII Gura Humorului 22-25 octombrie 2013 PROCES VERBAL DE JURIZARE \u00eencheiat ast\u0103zi, 26 octombrie 2013 Juriul sec\u0163iunii film \u015fi dipaoram\u0103 a Festivalului \u201eToamn\u0103 la Vorone\u0163, edi\u0163ia a XXXIII-a din anul 2013, format din: 1. Lauren\u0163iu Damian \u2013 pre\u015fedinte 2. Elisabeta Bostan &#8211; membru &hellip; Read More\" \/>\n<meta property=\"og:url\" content=\"https:\/\/www.toamnalavoronet.ro\/en\/editii\/editia-33-2013\/premii-2013\/\" \/>\n<meta property=\"og:site_name\" content=\"Toamn\u0103 la Vorone\u021b\" \/>\n<meta property=\"article:publisher\" content=\"https:\/\/www.facebook.com\/culturahumor.ro\/\" \/>\n<meta property=\"article:modified_time\" content=\"2020-09-10T13:05:47+00:00\" \/>\n<meta name=\"twitter:card\" content=\"summary_large_image\" \/>\n<meta name=\"twitter:label1\" content=\"Est. reading time\" \/>\n\t<meta name=\"twitter:data1\" content=\"1 minute\" \/>\n<script type=\"application\/ld+json\" class=\"yoast-schema-graph\">{\"@context\":\"https:\/\/schema.org\",\"@graph\":[{\"@type\":\"WebPage\",\"@id\":\"https:\/\/www.toamnalavoronet.ro\/en\/editii\/editia-33-2013\/premii-2013\/\",\"url\":\"https:\/\/www.toamnalavoronet.ro\/en\/editii\/editia-33-2013\/premii-2013\/\",\"name\":\"Premii 2013 - Toamn\u0103 la Vorone\u021b\",\"isPartOf\":{\"@id\":\"https:\/\/www.toamnalavoronet.ro\/#website\"},\"datePublished\":\"2020-09-10T13:03:59+00:00\",\"dateModified\":\"2020-09-10T13:05:47+00:00\",\"breadcrumb\":{\"@id\":\"https:\/\/www.toamnalavoronet.ro\/en\/editii\/editia-33-2013\/premii-2013\/#breadcrumb\"},\"inLanguage\":\"en-US\",\"potentialAction\":[{\"@type\":\"ReadAction\",\"target\":[\"https:\/\/www.toamnalavoronet.ro\/en\/editii\/editia-33-2013\/premii-2013\/\"]}]},{\"@type\":\"BreadcrumbList\",\"@id\":\"https:\/\/www.toamnalavoronet.ro\/en\/editii\/editia-33-2013\/premii-2013\/#breadcrumb\",\"itemListElement\":[{\"@type\":\"ListItem\",\"position\":1,\"name\":\"Prima pagin\u0103\",\"item\":\"https:\/\/www.toamnalavoronet.ro\/\"},{\"@type\":\"ListItem\",\"position\":2,\"name\":\"Editii Toamn\u0103 la Vorone\u021b\",\"item\":\"https:\/\/www.toamnalavoronet.ro\/editii\/\"},{\"@type\":\"ListItem\",\"position\":3,\"name\":\"33rd Edition &#8211; 2013\",\"item\":\"https:\/\/www.toamnalavoronet.ro\/en\/editii\/editia-33-2013\/\"},{\"@type\":\"ListItem\",\"position\":4,\"name\":\"Premii 2013\"}]},{\"@type\":\"WebSite\",\"@id\":\"https:\/\/www.toamnalavoronet.ro\/#website\",\"url\":\"https:\/\/www.toamnalavoronet.ro\/\",\"name\":\"Toamn\u0103 la Vorone\u021b\",\"description\":\"The  International  Film  Festival \u201cAutumn in Voronet\u201d\",\"publisher\":{\"@id\":\"https:\/\/www.toamnalavoronet.ro\/#organization\"},\"potentialAction\":[{\"@type\":\"SearchAction\",\"target\":{\"@type\":\"EntryPoint\",\"urlTemplate\":\"https:\/\/www.toamnalavoronet.ro\/?s={search_term_string}\"},\"query-input\":\"required name=search_term_string\"}],\"inLanguage\":\"en-US\"},{\"@type\":\"Organization\",\"@id\":\"https:\/\/www.toamnalavoronet.ro\/#organization\",\"name\":\"Toamn\u0103 la Vorone\u021b - Festivalul Interna\u021bional de Film, Diaporam\u0103 \u0219i Fotografie\",\"url\":\"https:\/\/www.toamnalavoronet.ro\/\",\"logo\":{\"@type\":\"ImageObject\",\"inLanguage\":\"en-US\",\"@id\":\"https:\/\/www.toamnalavoronet.ro\/#\/schema\/logo\/image\/\",\"url\":\"https:\/\/www.toamnalavoronet.ro\/wp-content\/uploads\/2020\/07\/icon.jpg\",\"contentUrl\":\"https:\/\/www.toamnalavoronet.ro\/wp-content\/uploads\/2020\/07\/icon.jpg\",\"width\":100,\"height\":100,\"caption\":\"Toamn\u0103 la Vorone\u021b - Festivalul Interna\u021bional de Film, Diaporam\u0103 \u0219i Fotografie\"},\"image\":{\"@id\":\"https:\/\/www.toamnalavoronet.ro\/#\/schema\/logo\/image\/\"},\"sameAs\":[\"https:\/\/www.facebook.com\/culturahumor.ro\/\",\"https:\/\/www.youtube.com\/channel\/UCLJxDrTSePhKryOJXju3cYQ\"]}]}<\/script>\n<!-- \/ Yoast SEO plugin. -->","yoast_head_json":{"title":"Premii 2013 - Toamn\u0103 la Vorone\u021b","robots":{"index":"index","follow":"follow","max-snippet":"max-snippet:-1","max-image-preview":"max-image-preview:large","max-video-preview":"max-video-preview:-1"},"canonical":"https:\/\/www.toamnalavoronet.ro\/en\/editii\/editia-33-2013\/premii-2013\/","og_locale":"en_US","og_type":"article","og_title":"Premii 2013 - Toamn\u0103 la Vorone\u021b","og_description":"FESTIVALUL INTERNA\u0162IONAL DE FILM, DIAPORAM\u0102 \u015eI FOTOGRAFIE \u201eTOAMN\u0102 LA VORONE\u0162\u201d &#8211; Edi\u0163ia XXXIII Gura Humorului 22-25 octombrie 2013 PROCES VERBAL DE JURIZARE \u00eencheiat ast\u0103zi, 26 octombrie 2013 Juriul sec\u0163iunii film \u015fi dipaoram\u0103 a Festivalului \u201eToamn\u0103 la Vorone\u0163, edi\u0163ia a XXXIII-a din anul 2013, format din: 1. Lauren\u0163iu Damian \u2013 pre\u015fedinte 2. Elisabeta Bostan &#8211; membru &hellip; Read More","og_url":"https:\/\/www.toamnalavoronet.ro\/en\/editii\/editia-33-2013\/premii-2013\/","og_site_name":"Toamn\u0103 la Vorone\u021b","article_publisher":"https:\/\/www.facebook.com\/culturahumor.ro\/","article_modified_time":"2020-09-10T13:05:47+00:00","twitter_card":"summary_large_image","twitter_misc":{"Est. reading time":"1 minute"},"schema":{"@context":"https:\/\/schema.org","@graph":[{"@type":"WebPage","@id":"https:\/\/www.toamnalavoronet.ro\/en\/editii\/editia-33-2013\/premii-2013\/","url":"https:\/\/www.toamnalavoronet.ro\/en\/editii\/editia-33-2013\/premii-2013\/","name":"Premii 2013 - Toamn\u0103 la Vorone\u021b","isPartOf":{"@id":"https:\/\/www.toamnalavoronet.ro\/#website"},"datePublished":"2020-09-10T13:03:59+00:00","dateModified":"2020-09-10T13:05:47+00:00","breadcrumb":{"@id":"https:\/\/www.toamnalavoronet.ro\/en\/editii\/editia-33-2013\/premii-2013\/#breadcrumb"},"inLanguage":"en-US","potentialAction":[{"@type":"ReadAction","target":["https:\/\/www.toamnalavoronet.ro\/en\/editii\/editia-33-2013\/premii-2013\/"]}]},{"@type":"BreadcrumbList","@id":"https:\/\/www.toamnalavoronet.ro\/en\/editii\/editia-33-2013\/premii-2013\/#breadcrumb","itemListElement":[{"@type":"ListItem","position":1,"name":"Prima pagin\u0103","item":"https:\/\/www.toamnalavoronet.ro\/"},{"@type":"ListItem","position":2,"name":"Editii Toamn\u0103 la Vorone\u021b","item":"https:\/\/www.toamnalavoronet.ro\/editii\/"},{"@type":"ListItem","position":3,"name":"33rd Edition &#8211; 2013","item":"https:\/\/www.toamnalavoronet.ro\/en\/editii\/editia-33-2013\/"},{"@type":"ListItem","position":4,"name":"Premii 2013"}]},{"@type":"WebSite","@id":"https:\/\/www.toamnalavoronet.ro\/#website","url":"https:\/\/www.toamnalavoronet.ro\/","name":"Toamn\u0103 la Vorone\u021b","description":"The  International  Film  Festival \u201cAutumn in Voronet\u201d","publisher":{"@id":"https:\/\/www.toamnalavoronet.ro\/#organization"},"potentialAction":[{"@type":"SearchAction","target":{"@type":"EntryPoint","urlTemplate":"https:\/\/www.toamnalavoronet.ro\/?s={search_term_string}"},"query-input":"required name=search_term_string"}],"inLanguage":"en-US"},{"@type":"Organization","@id":"https:\/\/www.toamnalavoronet.ro\/#organization","name":"Toamn\u0103 la Vorone\u021b - Festivalul Interna\u021bional de Film, Diaporam\u0103 \u0219i Fotografie","url":"https:\/\/www.toamnalavoronet.ro\/","logo":{"@type":"ImageObject","inLanguage":"en-US","@id":"https:\/\/www.toamnalavoronet.ro\/#\/schema\/logo\/image\/","url":"https:\/\/www.toamnalavoronet.ro\/wp-content\/uploads\/2020\/07\/icon.jpg","contentUrl":"https:\/\/www.toamnalavoronet.ro\/wp-content\/uploads\/2020\/07\/icon.jpg","width":100,"height":100,"caption":"Toamn\u0103 la Vorone\u021b - Festivalul Interna\u021bional de Film, Diaporam\u0103 \u0219i Fotografie"},"image":{"@id":"https:\/\/www.toamnalavoronet.ro\/#\/schema\/logo\/image\/"},"sameAs":["https:\/\/www.facebook.com\/culturahumor.ro\/","https:\/\/www.youtube.com\/channel\/UCLJxDrTSePhKryOJXju3cYQ"]}]}},"_links":{"self":[{"href":"https:\/\/www.toamnalavoronet.ro\/en\/wp-json\/wp\/v2\/pages\/10210"}],"collection":[{"href":"https:\/\/www.toamnalavoronet.ro\/en\/wp-json\/wp\/v2\/pages"}],"about":[{"href":"https:\/\/www.toamnalavoronet.ro\/en\/wp-json\/wp\/v2\/types\/page"}],"author":[{"embeddable":true,"href":"https:\/\/www.toamnalavoronet.ro\/en\/wp-json\/wp\/v2\/users\/2"}],"replies":[{"embeddable":true,"href":"https:\/\/www.toamnalavoronet.ro\/en\/wp-json\/wp\/v2\/comments?post=10210"}],"version-history":[{"count":3,"href":"https:\/\/www.toamnalavoronet.ro\/en\/wp-json\/wp\/v2\/pages\/10210\/revisions"}],"predecessor-version":[{"id":10214,"href":"https:\/\/www.toamnalavoronet.ro\/en\/wp-json\/wp\/v2\/pages\/10210\/revisions\/10214"}],"up":[{"embeddable":true,"href":"https:\/\/www.toamnalavoronet.ro\/en\/wp-json\/wp\/v2\/pages\/10208"}],"wp:attachment":[{"href":"https:\/\/www.toamnalavoronet.ro\/en\/wp-json\/wp\/v2\/media?parent=10210"}],"curies":[{"name":"wp","href":"https:\/\/api.w.org\/{rel}","templated":true}]}}