{"id":10258,"date":"2020-09-10T21:04:07","date_gmt":"2020-09-10T21:04:07","guid":{"rendered":"http:\/\/www.toamnalavoronet.ro\/?page_id=10258"},"modified":"2020-09-10T21:31:47","modified_gmt":"2020-09-10T21:31:47","slug":"premii-2012","status":"publish","type":"page","link":"https:\/\/www.toamnalavoronet.ro\/en\/editii\/editia-32-2012\/premii-2012\/","title":{"rendered":"Premii 2012"},"content":{"rendered":"Juriul sec\u0163iunii Film \u015fi Dipaoram\u0103 a Festivalului \u201eToamn\u0103 la Vorone\u0163\u201d, edi\u0163ia 2012, format din:<\/p>\n<p>1. Thomas Ciulei \u2013 pre\u015fedinte<br \/>\n2. Florin L\u0103z\u0103rescu -membru<br \/>\n3. Marian Cri\u015fan -membru<br \/>\n4. Mihaela S\u00eerbu &#8211; membru<br \/>\n5. \u015etefan Oprea &#8211; membru<\/p>\n<p>a decis, \u00een unanimitate, acordarea urm\u0103toarelor premii:<\/p>\n<h3>SEC\u0162IUNEA FILM DOCUMENTAR<\/h3>\n<p>Premiul pentru cel mai bun film documentar \u2013 500 euro<\/p>\n<p><strong>\u2022 Filmul Criterioh &#8211; Spania<\/strong><br \/>\nRegia :Alberto Blanco<br \/>\nImaginea : Caterina Barjau<\/p>\n<p>Premiul pentru regie \u2013 300 euro<\/p>\n<p><strong>\u2022 Filmul Criterioh- Spania<\/strong><br \/>\nRegia Alberto Blanco<\/p>\n<p>Premiul pentru imagine \u2013 300 euro<\/p>\n<p>\u2022 Filmul 24 g\u0103le\u0163i, 7 \u015foareci, 18 ani &#8211; Rom\u00e2nia<br \/>\n\u2022 Marius Iacob<\/p>\n<h3>SEC\u0162IUNEA FILM STUDEN\u0162ESC<\/h3>\n<p>Premiul pentru cel mai bun film studen\u0163esc \u2013 500 euro<\/p>\n<p><strong>\u2022 Filmul Strem\u0163 89 &#8211; Rom\u00e2nia<\/strong><br \/>\nRegia : Anda Pu\u015fca\u015f \u015fi Drago\u015f Dulea<br \/>\nImaginea : Anda Pu\u015fca\u015f<\/p>\n<p>Premiul pentru regie \u2013 300 euro<\/p>\n<p><strong>\u2022 Filmul Strem\u0163 89 \u2013 Rom\u00e2nia<\/strong><br \/>\nRegia Anda Pu\u015fca\u015f \u015fi Drago\u015f Dulea<\/p>\n<p>Premiul pentru imagine \u2013 300 euro<\/p>\n<p><strong>\u2022 Filmul England\u2019s Lourdes \u2013 Marea Britanie<\/strong><br \/>\nImaginea Crtistina Ruloff<\/p>\n<h3>SEC\u0162IUNEA FILM TURISTIC<\/h3>\n<p>Premiul pentru cel mai bun film turistic<\/p>\n<p>NU SE ACORD\u0102<\/p>\n<p>Premiul Juriului &#8211; 300 euro<\/p>\n<p><strong>Filmul 70 + 1 Sfi\u015ftofca &#8211; Rom\u00e2nia<\/strong><br \/>\nRegia Ilinca V. Ciobanu<br \/>\nImaginea Cristian Glodeal\u0103<\/p>\n<h3>SEC\u0162IUNEA DIAPORAMA<\/h3>\n<p>Premiul pentru diaporam\u0103 &#8211; 800 lei<\/p>\n<p>Dacia mea, a ta, a lui tata &#8211; Rom\u00e2nia<br \/>\nRealizator: Eugen Grigore","protected":false},"excerpt":{"rendered":"<p>Juriul sec\u0163iunii Film \u015fi Dipaoram\u0103 a Festivalului \u201eToamn\u0103 la Vorone\u0163\u201d, edi\u0163ia 2012, format din: 1. Thomas Ciulei \u2013 pre\u015fedinte 2. Florin L\u0103z\u0103rescu -membru 3. Marian Cri\u015fan -membru 4. Mihaela S\u00eerbu &#8211; membru 5. \u015etefan Oprea &#8211; membru a decis, \u00een unanimitate, acordarea urm\u0103toarelor premii: SEC\u0162IUNEA FILM DOCUMENTAR Premiul pentru cel mai bun film documentar \u2013 &hellip; <a href=\"https:\/\/www.toamnalavoronet.ro\/en\/editii\/editia-32-2012\/premii-2012\/\" class=\"excerpt-link\">Read More<\/a><\/p>\n","protected":false},"author":2,"featured_media":0,"parent":10256,"menu_order":0,"comment_status":"closed","ping_status":"closed","template":"","meta":{"ngg_post_thumbnail":0},"yoast_head":"<!-- This site is optimized with the Yoast SEO plugin v21.3 - https:\/\/yoast.com\/wordpress\/plugins\/seo\/ -->\n<title>Premii 2012 - Toamn\u0103 la Vorone\u021b<\/title>\n<meta name=\"robots\" content=\"index, follow, max-snippet:-1, max-image-preview:large, max-video-preview:-1\" \/>\n<link rel=\"canonical\" href=\"https:\/\/www.toamnalavoronet.ro\/editii\/editia-32-2012\/premii-2012\/\" \/>\n<meta property=\"og:locale\" content=\"en_US\" \/>\n<meta property=\"og:type\" content=\"article\" \/>\n<meta property=\"og:title\" content=\"Premii 2012 - Toamn\u0103 la Vorone\u021b\" \/>\n<meta property=\"og:description\" content=\"Juriul sec\u0163iunii Film \u015fi Dipaoram\u0103 a Festivalului \u201eToamn\u0103 la Vorone\u0163\u201d, edi\u0163ia 2012, format din: 1. Thomas Ciulei \u2013 pre\u015fedinte 2. Florin L\u0103z\u0103rescu -membru 3. Marian Cri\u015fan -membru 4. Mihaela S\u00eerbu &#8211; membru 5. \u015etefan Oprea &#8211; membru a decis, \u00een unanimitate, acordarea urm\u0103toarelor premii: SEC\u0162IUNEA FILM DOCUMENTAR Premiul pentru cel mai bun film documentar \u2013 &hellip; Read More\" \/>\n<meta property=\"og:url\" content=\"https:\/\/www.toamnalavoronet.ro\/editii\/editia-32-2012\/premii-2012\/\" \/>\n<meta property=\"og:site_name\" content=\"Toamn\u0103 la Vorone\u021b\" \/>\n<meta property=\"article:publisher\" content=\"https:\/\/www.facebook.com\/culturahumor.ro\/\" \/>\n<meta property=\"article:modified_time\" content=\"2020-09-10T21:31:47+00:00\" \/>\n<meta name=\"twitter:card\" content=\"summary_large_image\" \/>\n<meta name=\"twitter:label1\" content=\"Est. reading time\" \/>\n\t<meta name=\"twitter:data1\" content=\"2 minutes\" \/>\n<script type=\"application\/ld+json\" class=\"yoast-schema-graph\">{\"@context\":\"https:\/\/schema.org\",\"@graph\":[{\"@type\":\"WebPage\",\"@id\":\"https:\/\/www.toamnalavoronet.ro\/editii\/editia-32-2012\/premii-2012\/\",\"url\":\"https:\/\/www.toamnalavoronet.ro\/editii\/editia-32-2012\/premii-2012\/\",\"name\":\"Premii 2012 - Toamn\u0103 la Vorone\u021b\",\"isPartOf\":{\"@id\":\"https:\/\/www.toamnalavoronet.ro\/#website\"},\"datePublished\":\"2020-09-10T21:04:07+00:00\",\"dateModified\":\"2020-09-10T21:31:47+00:00\",\"breadcrumb\":{\"@id\":\"https:\/\/www.toamnalavoronet.ro\/editii\/editia-32-2012\/premii-2012\/#breadcrumb\"},\"inLanguage\":\"en-US\",\"potentialAction\":[{\"@type\":\"ReadAction\",\"target\":[\"https:\/\/www.toamnalavoronet.ro\/editii\/editia-32-2012\/premii-2012\/\"]}]},{\"@type\":\"BreadcrumbList\",\"@id\":\"https:\/\/www.toamnalavoronet.ro\/editii\/editia-32-2012\/premii-2012\/#breadcrumb\",\"itemListElement\":[{\"@type\":\"ListItem\",\"position\":1,\"name\":\"Prima pagin\u0103\",\"item\":\"https:\/\/www.toamnalavoronet.ro\/\"},{\"@type\":\"ListItem\",\"position\":2,\"name\":\"Editii Toamn\u0103 la Vorone\u021b\",\"item\":\"https:\/\/www.toamnalavoronet.ro\/editii\/\"},{\"@type\":\"ListItem\",\"position\":3,\"name\":\"Editia 32 &#8211; 2012\",\"item\":\"https:\/\/www.toamnalavoronet.ro\/editii\/editia-32-2012\/\"},{\"@type\":\"ListItem\",\"position\":4,\"name\":\"Premii 2012\"}]},{\"@type\":\"WebSite\",\"@id\":\"https:\/\/www.toamnalavoronet.ro\/#website\",\"url\":\"https:\/\/www.toamnalavoronet.ro\/\",\"name\":\"Toamn\u0103 la Vorone\u021b\",\"description\":\"The  International  Film  Festival \u201cAutumn in Voronet\u201d\",\"publisher\":{\"@id\":\"https:\/\/www.toamnalavoronet.ro\/#organization\"},\"potentialAction\":[{\"@type\":\"SearchAction\",\"target\":{\"@type\":\"EntryPoint\",\"urlTemplate\":\"https:\/\/www.toamnalavoronet.ro\/?s={search_term_string}\"},\"query-input\":\"required name=search_term_string\"}],\"inLanguage\":\"en-US\"},{\"@type\":\"Organization\",\"@id\":\"https:\/\/www.toamnalavoronet.ro\/#organization\",\"name\":\"Toamn\u0103 la Vorone\u021b - Festivalul Interna\u021bional de Film, Diaporam\u0103 \u0219i Fotografie\",\"url\":\"https:\/\/www.toamnalavoronet.ro\/\",\"logo\":{\"@type\":\"ImageObject\",\"inLanguage\":\"en-US\",\"@id\":\"https:\/\/www.toamnalavoronet.ro\/#\/schema\/logo\/image\/\",\"url\":\"https:\/\/www.toamnalavoronet.ro\/wp-content\/uploads\/2020\/07\/icon.jpg\",\"contentUrl\":\"https:\/\/www.toamnalavoronet.ro\/wp-content\/uploads\/2020\/07\/icon.jpg\",\"width\":100,\"height\":100,\"caption\":\"Toamn\u0103 la Vorone\u021b - Festivalul Interna\u021bional de Film, Diaporam\u0103 \u0219i Fotografie\"},\"image\":{\"@id\":\"https:\/\/www.toamnalavoronet.ro\/#\/schema\/logo\/image\/\"},\"sameAs\":[\"https:\/\/www.facebook.com\/culturahumor.ro\/\",\"https:\/\/www.youtube.com\/channel\/UCLJxDrTSePhKryOJXju3cYQ\"]}]}<\/script>\n<!-- \/ Yoast SEO plugin. -->","yoast_head_json":{"title":"Premii 2012 - Toamn\u0103 la Vorone\u021b","robots":{"index":"index","follow":"follow","max-snippet":"max-snippet:-1","max-image-preview":"max-image-preview:large","max-video-preview":"max-video-preview:-1"},"canonical":"https:\/\/www.toamnalavoronet.ro\/editii\/editia-32-2012\/premii-2012\/","og_locale":"en_US","og_type":"article","og_title":"Premii 2012 - Toamn\u0103 la Vorone\u021b","og_description":"Juriul sec\u0163iunii Film \u015fi Dipaoram\u0103 a Festivalului \u201eToamn\u0103 la Vorone\u0163\u201d, edi\u0163ia 2012, format din: 1. Thomas Ciulei \u2013 pre\u015fedinte 2. Florin L\u0103z\u0103rescu -membru 3. Marian Cri\u015fan -membru 4. Mihaela S\u00eerbu &#8211; membru 5. \u015etefan Oprea &#8211; membru a decis, \u00een unanimitate, acordarea urm\u0103toarelor premii: SEC\u0162IUNEA FILM DOCUMENTAR Premiul pentru cel mai bun film documentar \u2013 &hellip; Read More","og_url":"https:\/\/www.toamnalavoronet.ro\/editii\/editia-32-2012\/premii-2012\/","og_site_name":"Toamn\u0103 la Vorone\u021b","article_publisher":"https:\/\/www.facebook.com\/culturahumor.ro\/","article_modified_time":"2020-09-10T21:31:47+00:00","twitter_card":"summary_large_image","twitter_misc":{"Est. reading time":"2 minutes"},"schema":{"@context":"https:\/\/schema.org","@graph":[{"@type":"WebPage","@id":"https:\/\/www.toamnalavoronet.ro\/editii\/editia-32-2012\/premii-2012\/","url":"https:\/\/www.toamnalavoronet.ro\/editii\/editia-32-2012\/premii-2012\/","name":"Premii 2012 - Toamn\u0103 la Vorone\u021b","isPartOf":{"@id":"https:\/\/www.toamnalavoronet.ro\/#website"},"datePublished":"2020-09-10T21:04:07+00:00","dateModified":"2020-09-10T21:31:47+00:00","breadcrumb":{"@id":"https:\/\/www.toamnalavoronet.ro\/editii\/editia-32-2012\/premii-2012\/#breadcrumb"},"inLanguage":"en-US","potentialAction":[{"@type":"ReadAction","target":["https:\/\/www.toamnalavoronet.ro\/editii\/editia-32-2012\/premii-2012\/"]}]},{"@type":"BreadcrumbList","@id":"https:\/\/www.toamnalavoronet.ro\/editii\/editia-32-2012\/premii-2012\/#breadcrumb","itemListElement":[{"@type":"ListItem","position":1,"name":"Prima pagin\u0103","item":"https:\/\/www.toamnalavoronet.ro\/"},{"@type":"ListItem","position":2,"name":"Editii Toamn\u0103 la Vorone\u021b","item":"https:\/\/www.toamnalavoronet.ro\/editii\/"},{"@type":"ListItem","position":3,"name":"Editia 32 &#8211; 2012","item":"https:\/\/www.toamnalavoronet.ro\/editii\/editia-32-2012\/"},{"@type":"ListItem","position":4,"name":"Premii 2012"}]},{"@type":"WebSite","@id":"https:\/\/www.toamnalavoronet.ro\/#website","url":"https:\/\/www.toamnalavoronet.ro\/","name":"Toamn\u0103 la Vorone\u021b","description":"The  International  Film  Festival \u201cAutumn in Voronet\u201d","publisher":{"@id":"https:\/\/www.toamnalavoronet.ro\/#organization"},"potentialAction":[{"@type":"SearchAction","target":{"@type":"EntryPoint","urlTemplate":"https:\/\/www.toamnalavoronet.ro\/?s={search_term_string}"},"query-input":"required name=search_term_string"}],"inLanguage":"en-US"},{"@type":"Organization","@id":"https:\/\/www.toamnalavoronet.ro\/#organization","name":"Toamn\u0103 la Vorone\u021b - Festivalul Interna\u021bional de Film, Diaporam\u0103 \u0219i Fotografie","url":"https:\/\/www.toamnalavoronet.ro\/","logo":{"@type":"ImageObject","inLanguage":"en-US","@id":"https:\/\/www.toamnalavoronet.ro\/#\/schema\/logo\/image\/","url":"https:\/\/www.toamnalavoronet.ro\/wp-content\/uploads\/2020\/07\/icon.jpg","contentUrl":"https:\/\/www.toamnalavoronet.ro\/wp-content\/uploads\/2020\/07\/icon.jpg","width":100,"height":100,"caption":"Toamn\u0103 la Vorone\u021b - Festivalul Interna\u021bional de Film, Diaporam\u0103 \u0219i Fotografie"},"image":{"@id":"https:\/\/www.toamnalavoronet.ro\/#\/schema\/logo\/image\/"},"sameAs":["https:\/\/www.facebook.com\/culturahumor.ro\/","https:\/\/www.youtube.com\/channel\/UCLJxDrTSePhKryOJXju3cYQ"]}]}},"_links":{"self":[{"href":"https:\/\/www.toamnalavoronet.ro\/en\/wp-json\/wp\/v2\/pages\/10258"}],"collection":[{"href":"https:\/\/www.toamnalavoronet.ro\/en\/wp-json\/wp\/v2\/pages"}],"about":[{"href":"https:\/\/www.toamnalavoronet.ro\/en\/wp-json\/wp\/v2\/types\/page"}],"author":[{"embeddable":true,"href":"https:\/\/www.toamnalavoronet.ro\/en\/wp-json\/wp\/v2\/users\/2"}],"replies":[{"embeddable":true,"href":"https:\/\/www.toamnalavoronet.ro\/en\/wp-json\/wp\/v2\/comments?post=10258"}],"version-history":[{"count":5,"href":"https:\/\/www.toamnalavoronet.ro\/en\/wp-json\/wp\/v2\/pages\/10258\/revisions"}],"predecessor-version":[{"id":10300,"href":"https:\/\/www.toamnalavoronet.ro\/en\/wp-json\/wp\/v2\/pages\/10258\/revisions\/10300"}],"up":[{"embeddable":true,"href":"https:\/\/www.toamnalavoronet.ro\/en\/wp-json\/wp\/v2\/pages\/10256"}],"wp:attachment":[{"href":"https:\/\/www.toamnalavoronet.ro\/en\/wp-json\/wp\/v2\/media?parent=10258"}],"curies":[{"name":"wp","href":"https:\/\/api.w.org\/{rel}","templated":true}]}}