{"id":10418,"date":"2020-09-11T18:59:51","date_gmt":"2020-09-11T18:59:51","guid":{"rendered":"http:\/\/www.toamnalavoronet.ro\/?page_id=10418"},"modified":"2020-09-11T19:12:14","modified_gmt":"2020-09-11T19:12:14","slug":"premii-2011","status":"publish","type":"page","link":"https:\/\/www.toamnalavoronet.ro\/en\/editii\/editia-31-2011\/premii-2011\/","title":{"rendered":"Premii 2011"},"content":{"rendered":"<p>Juriul sec\u0163iunii Film \u015fi Dipaoram\u0103 a Festivalului \u201eToamn\u0103 la Vorone\u0163\u201d, edi\u0163ia 2011, format din:<\/p>\n<ul>\n<li>Stere Gulea \u2013 pre\u015fedinte<\/li>\n<li>Mihai Or\u0103\u015fanu \u2013 membru<\/li>\n<li>C\u0103t\u0103lin Apostol \u2013 membru<\/li>\n<li>Zamfira N\u0103st\u0103sache &#8211; membru<\/li>\n<li>Elvira Romaniuc \u2013 secretar<\/li>\n<\/ul>\n<p>a decis, \u00een unanimitate, acordarea urm\u0103toarelor premii:<\/p>\n<h3><u>MARELE&nbsp; PREMIU&nbsp; \u015eI&nbsp; TROFEUL <\/u><u>\u201eTOAMNA LA VORONE\u0162\u201d <\/u><u>1000 euro<\/u><\/h3>\n<p>M<strong>adres &nbsp;0,15 el minuto<\/strong> &#8211; &nbsp;Spania<br \/>\nregia Marina Sereseski<br \/>\nimaginea Roberto Fernandez<\/p>\n<h3><u>SEC\u0162IUNEA FILM DOCUMENTAR <\/u><\/h3>\n<p><strong><u>Premiul pentru cel mai bun film documentar \u2013 400 euro<\/u><\/strong><br \/>\n<strong>Escape to Tahiti and her Islands <\/strong>\u2013 Cehia<br \/>\nEvadare in Tahiti<br \/>\nRegia: Petra Dolezalova, Libor Spacek<br \/>\nImaginea: Libor Spacek<\/p>\n<p><strong><u>Premiul pentru regie<\/u><\/strong><br \/>\nNu se acord\u0103<\/p>\n<p><strong><u>Premiul pentru imagine<\/u><\/strong><br \/>\nNu se acord\u0103<\/p>\n<h3><u>SEC\u0162IUNEA&nbsp; STUDEN\u0162ESC<\/u><\/h3>\n<p><strong><u>Premiul pentru cel mai bun film studen\u0163esc \u2013 300 euro<\/u><\/strong><br \/>\n<strong>La Cambra Fosca &#8211; <\/strong>Spania<br \/>\nRegia : Deborah&nbsp; Chacon<br \/>\nImaginea : Cristiana Pecci<\/p>\n<p><strong><u>Premiul pentru regie \u2013 200 euro<\/u><\/strong><br \/>\n<strong>Draft 7- <\/strong>Romania<br \/>\nRegia Luiza P\u00e2rvu<\/p>\n<p><strong><u>Premiul pentru imagine \u2013 200 euro<\/u><\/strong><br \/>\n<strong>C\u00e2teva lucruri despre Ana <\/strong>&#8211; Romania<br \/>\nImaginea: Diana Munteanu<\/p>\n<h3><u>SEC\u0162IUNEA&nbsp; FILM&nbsp; TURISTIC<\/u><\/h3>\n<p><strong><u>Premiul pentru cel mai bun film turistic \u2013 300 euro<\/u><\/strong><br \/>\n<strong>Seven at seven &#8211;<\/strong> <strong>Serbia<\/strong><br \/>\nRegia : Ivana Rethas<br \/>\nImaginea: Ivana Rethas<\/p>\n<h3><strong><u>ALTE&nbsp; PREMII<\/u><\/strong><\/h3>\n<p><strong><u>PREMIUL&nbsp; JURIULUI \u2013 300 euro<\/u><\/strong><br \/>\n<strong>Odeon: El tiempo suspendido &#8211; Spania<\/strong><br \/>\nRegia : Jo Graell<br \/>\nImaginea : Natalia Regas<\/p>\n<p><strong><u>PREMIUL PUBLICULUI<\/u><\/strong><br \/>\nacordat de MDV Studio, postproductie 2012<br \/>\n<strong>Acolo e Paradisul \u2013 <\/strong>Romania ( Gura Humorului )<br \/>\nRegia \u015fi imaginea : George Checheri\u0163\u0103<\/p>\n<p><strong><u>PREMIUL ORA\u015eULUI GURA HUMORULUI &#8211; 300 euro<\/u><\/strong><br \/>\n<strong>Aproape, cineva, undeva, c\u00e2ndva &#8211; <\/strong>Romania<br \/>\nRegia: R\u0103zvan Butaru<br \/>\nImaginea: Dan Chiorcioi<\/p>\n<h3><u>SEC\u0162IUNEA&nbsp; DIAPORAMA<\/u><\/h3>\n<p><strong><u>PREMIUL I \u2013 800 lei<\/u><\/strong><br \/>\n<strong>Un DIA de noviembre<\/strong><br \/>\nCristian Tecu &#8211; Romania<\/p>\n<p><strong><u>PREMIUL&nbsp; II \u2013 500 lei<\/u><\/strong><br \/>\n<strong>Vechi la tine, nou la mine<\/strong><br \/>\nEugen Grigore, Romania<\/p>\n<p><strong><u>PREMIUL&nbsp; III &#8211;&nbsp; 400 lei<\/u><\/strong><br \/>\n<strong>A fi sau a nu fi<\/strong><br \/>\nDiana Va\u015floban, Romania<\/p>\n","protected":false},"excerpt":{"rendered":"<p>Juriul sec\u0163iunii Film \u015fi Dipaoram\u0103 a Festivalului \u201eToamn\u0103 la Vorone\u0163\u201d, edi\u0163ia 2011, format din: Stere Gulea \u2013 pre\u015fedinte Mihai Or\u0103\u015fanu \u2013 membru C\u0103t\u0103lin Apostol \u2013 membru Zamfira N\u0103st\u0103sache &#8211; membru Elvira Romaniuc \u2013 secretar a decis, \u00een unanimitate, acordarea urm\u0103toarelor premii: MARELE&nbsp; PREMIU&nbsp; \u015eI&nbsp; TROFEUL \u201eTOAMNA LA VORONE\u0162\u201d 1000 euro Madres &nbsp;0,15 el minuto &#8211; &hellip; <a href=\"https:\/\/www.toamnalavoronet.ro\/en\/editii\/editia-31-2011\/premii-2011\/\" class=\"excerpt-link\">Read More<\/a><\/p>\n","protected":false},"author":2,"featured_media":0,"parent":10416,"menu_order":0,"comment_status":"closed","ping_status":"closed","template":"","meta":{"ngg_post_thumbnail":0},"yoast_head":"<!-- This site is optimized with the Yoast SEO plugin v21.3 - https:\/\/yoast.com\/wordpress\/plugins\/seo\/ -->\n<title>Premii 2011 - Toamn\u0103 la Vorone\u021b<\/title>\n<meta name=\"robots\" content=\"index, follow, max-snippet:-1, max-image-preview:large, max-video-preview:-1\" \/>\n<link rel=\"canonical\" href=\"https:\/\/www.toamnalavoronet.ro\/editii\/editia-31-2011\/premii-2011\/\" \/>\n<meta property=\"og:locale\" content=\"en_US\" \/>\n<meta property=\"og:type\" content=\"article\" \/>\n<meta property=\"og:title\" content=\"Premii 2011 - Toamn\u0103 la Vorone\u021b\" \/>\n<meta property=\"og:description\" content=\"Juriul sec\u0163iunii Film \u015fi Dipaoram\u0103 a Festivalului \u201eToamn\u0103 la Vorone\u0163\u201d, edi\u0163ia 2011, format din: Stere Gulea \u2013 pre\u015fedinte Mihai Or\u0103\u015fanu \u2013 membru C\u0103t\u0103lin Apostol \u2013 membru Zamfira N\u0103st\u0103sache &#8211; membru Elvira Romaniuc \u2013 secretar a decis, \u00een unanimitate, acordarea urm\u0103toarelor premii: MARELE&nbsp; PREMIU&nbsp; \u015eI&nbsp; TROFEUL \u201eTOAMNA LA VORONE\u0162\u201d 1000 euro Madres &nbsp;0,15 el minuto &#8211; &hellip; Read More\" \/>\n<meta property=\"og:url\" content=\"https:\/\/www.toamnalavoronet.ro\/editii\/editia-31-2011\/premii-2011\/\" \/>\n<meta property=\"og:site_name\" content=\"Toamn\u0103 la Vorone\u021b\" \/>\n<meta property=\"article:publisher\" content=\"https:\/\/www.facebook.com\/culturahumor.ro\/\" \/>\n<meta property=\"article:modified_time\" content=\"2020-09-11T19:12:14+00:00\" \/>\n<meta name=\"twitter:card\" content=\"summary_large_image\" \/>\n<meta name=\"twitter:label1\" content=\"Est. reading time\" \/>\n\t<meta name=\"twitter:data1\" content=\"1 minute\" \/>\n<script type=\"application\/ld+json\" class=\"yoast-schema-graph\">{\"@context\":\"https:\/\/schema.org\",\"@graph\":[{\"@type\":\"WebPage\",\"@id\":\"https:\/\/www.toamnalavoronet.ro\/editii\/editia-31-2011\/premii-2011\/\",\"url\":\"https:\/\/www.toamnalavoronet.ro\/editii\/editia-31-2011\/premii-2011\/\",\"name\":\"Premii 2011 - Toamn\u0103 la Vorone\u021b\",\"isPartOf\":{\"@id\":\"https:\/\/www.toamnalavoronet.ro\/#website\"},\"datePublished\":\"2020-09-11T18:59:51+00:00\",\"dateModified\":\"2020-09-11T19:12:14+00:00\",\"breadcrumb\":{\"@id\":\"https:\/\/www.toamnalavoronet.ro\/editii\/editia-31-2011\/premii-2011\/#breadcrumb\"},\"inLanguage\":\"en-US\",\"potentialAction\":[{\"@type\":\"ReadAction\",\"target\":[\"https:\/\/www.toamnalavoronet.ro\/editii\/editia-31-2011\/premii-2011\/\"]}]},{\"@type\":\"BreadcrumbList\",\"@id\":\"https:\/\/www.toamnalavoronet.ro\/editii\/editia-31-2011\/premii-2011\/#breadcrumb\",\"itemListElement\":[{\"@type\":\"ListItem\",\"position\":1,\"name\":\"Prima pagin\u0103\",\"item\":\"https:\/\/www.toamnalavoronet.ro\/\"},{\"@type\":\"ListItem\",\"position\":2,\"name\":\"Editii Toamn\u0103 la Vorone\u021b\",\"item\":\"https:\/\/www.toamnalavoronet.ro\/editii\/\"},{\"@type\":\"ListItem\",\"position\":3,\"name\":\"Editia 31 &#8211; 2011\",\"item\":\"https:\/\/www.toamnalavoronet.ro\/editii\/editia-31-2011\/\"},{\"@type\":\"ListItem\",\"position\":4,\"name\":\"Premii 2011\"}]},{\"@type\":\"WebSite\",\"@id\":\"https:\/\/www.toamnalavoronet.ro\/#website\",\"url\":\"https:\/\/www.toamnalavoronet.ro\/\",\"name\":\"Toamn\u0103 la Vorone\u021b\",\"description\":\"The  International  Film  Festival \u201cAutumn in Voronet\u201d\",\"publisher\":{\"@id\":\"https:\/\/www.toamnalavoronet.ro\/#organization\"},\"potentialAction\":[{\"@type\":\"SearchAction\",\"target\":{\"@type\":\"EntryPoint\",\"urlTemplate\":\"https:\/\/www.toamnalavoronet.ro\/?s={search_term_string}\"},\"query-input\":\"required name=search_term_string\"}],\"inLanguage\":\"en-US\"},{\"@type\":\"Organization\",\"@id\":\"https:\/\/www.toamnalavoronet.ro\/#organization\",\"name\":\"Toamn\u0103 la Vorone\u021b - Festivalul Interna\u021bional de Film, Diaporam\u0103 \u0219i Fotografie\",\"url\":\"https:\/\/www.toamnalavoronet.ro\/\",\"logo\":{\"@type\":\"ImageObject\",\"inLanguage\":\"en-US\",\"@id\":\"https:\/\/www.toamnalavoronet.ro\/#\/schema\/logo\/image\/\",\"url\":\"https:\/\/www.toamnalavoronet.ro\/wp-content\/uploads\/2020\/07\/icon.jpg\",\"contentUrl\":\"https:\/\/www.toamnalavoronet.ro\/wp-content\/uploads\/2020\/07\/icon.jpg\",\"width\":100,\"height\":100,\"caption\":\"Toamn\u0103 la Vorone\u021b - Festivalul Interna\u021bional de Film, Diaporam\u0103 \u0219i Fotografie\"},\"image\":{\"@id\":\"https:\/\/www.toamnalavoronet.ro\/#\/schema\/logo\/image\/\"},\"sameAs\":[\"https:\/\/www.facebook.com\/culturahumor.ro\/\",\"https:\/\/www.youtube.com\/channel\/UCLJxDrTSePhKryOJXju3cYQ\"]}]}<\/script>\n<!-- \/ Yoast SEO plugin. -->","yoast_head_json":{"title":"Premii 2011 - Toamn\u0103 la Vorone\u021b","robots":{"index":"index","follow":"follow","max-snippet":"max-snippet:-1","max-image-preview":"max-image-preview:large","max-video-preview":"max-video-preview:-1"},"canonical":"https:\/\/www.toamnalavoronet.ro\/editii\/editia-31-2011\/premii-2011\/","og_locale":"en_US","og_type":"article","og_title":"Premii 2011 - Toamn\u0103 la Vorone\u021b","og_description":"Juriul sec\u0163iunii Film \u015fi Dipaoram\u0103 a Festivalului \u201eToamn\u0103 la Vorone\u0163\u201d, edi\u0163ia 2011, format din: Stere Gulea \u2013 pre\u015fedinte Mihai Or\u0103\u015fanu \u2013 membru C\u0103t\u0103lin Apostol \u2013 membru Zamfira N\u0103st\u0103sache &#8211; membru Elvira Romaniuc \u2013 secretar a decis, \u00een unanimitate, acordarea urm\u0103toarelor premii: MARELE&nbsp; PREMIU&nbsp; \u015eI&nbsp; TROFEUL \u201eTOAMNA LA VORONE\u0162\u201d 1000 euro Madres &nbsp;0,15 el minuto &#8211; &hellip; Read More","og_url":"https:\/\/www.toamnalavoronet.ro\/editii\/editia-31-2011\/premii-2011\/","og_site_name":"Toamn\u0103 la Vorone\u021b","article_publisher":"https:\/\/www.facebook.com\/culturahumor.ro\/","article_modified_time":"2020-09-11T19:12:14+00:00","twitter_card":"summary_large_image","twitter_misc":{"Est. reading time":"1 minute"},"schema":{"@context":"https:\/\/schema.org","@graph":[{"@type":"WebPage","@id":"https:\/\/www.toamnalavoronet.ro\/editii\/editia-31-2011\/premii-2011\/","url":"https:\/\/www.toamnalavoronet.ro\/editii\/editia-31-2011\/premii-2011\/","name":"Premii 2011 - Toamn\u0103 la Vorone\u021b","isPartOf":{"@id":"https:\/\/www.toamnalavoronet.ro\/#website"},"datePublished":"2020-09-11T18:59:51+00:00","dateModified":"2020-09-11T19:12:14+00:00","breadcrumb":{"@id":"https:\/\/www.toamnalavoronet.ro\/editii\/editia-31-2011\/premii-2011\/#breadcrumb"},"inLanguage":"en-US","potentialAction":[{"@type":"ReadAction","target":["https:\/\/www.toamnalavoronet.ro\/editii\/editia-31-2011\/premii-2011\/"]}]},{"@type":"BreadcrumbList","@id":"https:\/\/www.toamnalavoronet.ro\/editii\/editia-31-2011\/premii-2011\/#breadcrumb","itemListElement":[{"@type":"ListItem","position":1,"name":"Prima pagin\u0103","item":"https:\/\/www.toamnalavoronet.ro\/"},{"@type":"ListItem","position":2,"name":"Editii Toamn\u0103 la Vorone\u021b","item":"https:\/\/www.toamnalavoronet.ro\/editii\/"},{"@type":"ListItem","position":3,"name":"Editia 31 &#8211; 2011","item":"https:\/\/www.toamnalavoronet.ro\/editii\/editia-31-2011\/"},{"@type":"ListItem","position":4,"name":"Premii 2011"}]},{"@type":"WebSite","@id":"https:\/\/www.toamnalavoronet.ro\/#website","url":"https:\/\/www.toamnalavoronet.ro\/","name":"Toamn\u0103 la Vorone\u021b","description":"The  International  Film  Festival \u201cAutumn in Voronet\u201d","publisher":{"@id":"https:\/\/www.toamnalavoronet.ro\/#organization"},"potentialAction":[{"@type":"SearchAction","target":{"@type":"EntryPoint","urlTemplate":"https:\/\/www.toamnalavoronet.ro\/?s={search_term_string}"},"query-input":"required name=search_term_string"}],"inLanguage":"en-US"},{"@type":"Organization","@id":"https:\/\/www.toamnalavoronet.ro\/#organization","name":"Toamn\u0103 la Vorone\u021b - Festivalul Interna\u021bional de Film, Diaporam\u0103 \u0219i Fotografie","url":"https:\/\/www.toamnalavoronet.ro\/","logo":{"@type":"ImageObject","inLanguage":"en-US","@id":"https:\/\/www.toamnalavoronet.ro\/#\/schema\/logo\/image\/","url":"https:\/\/www.toamnalavoronet.ro\/wp-content\/uploads\/2020\/07\/icon.jpg","contentUrl":"https:\/\/www.toamnalavoronet.ro\/wp-content\/uploads\/2020\/07\/icon.jpg","width":100,"height":100,"caption":"Toamn\u0103 la Vorone\u021b - Festivalul Interna\u021bional de Film, Diaporam\u0103 \u0219i Fotografie"},"image":{"@id":"https:\/\/www.toamnalavoronet.ro\/#\/schema\/logo\/image\/"},"sameAs":["https:\/\/www.facebook.com\/culturahumor.ro\/","https:\/\/www.youtube.com\/channel\/UCLJxDrTSePhKryOJXju3cYQ"]}]}},"_links":{"self":[{"href":"https:\/\/www.toamnalavoronet.ro\/en\/wp-json\/wp\/v2\/pages\/10418"}],"collection":[{"href":"https:\/\/www.toamnalavoronet.ro\/en\/wp-json\/wp\/v2\/pages"}],"about":[{"href":"https:\/\/www.toamnalavoronet.ro\/en\/wp-json\/wp\/v2\/types\/page"}],"author":[{"embeddable":true,"href":"https:\/\/www.toamnalavoronet.ro\/en\/wp-json\/wp\/v2\/users\/2"}],"replies":[{"embeddable":true,"href":"https:\/\/www.toamnalavoronet.ro\/en\/wp-json\/wp\/v2\/comments?post=10418"}],"version-history":[{"count":5,"href":"https:\/\/www.toamnalavoronet.ro\/en\/wp-json\/wp\/v2\/pages\/10418\/revisions"}],"predecessor-version":[{"id":10423,"href":"https:\/\/www.toamnalavoronet.ro\/en\/wp-json\/wp\/v2\/pages\/10418\/revisions\/10423"}],"up":[{"embeddable":true,"href":"https:\/\/www.toamnalavoronet.ro\/en\/wp-json\/wp\/v2\/pages\/10416"}],"wp:attachment":[{"href":"https:\/\/www.toamnalavoronet.ro\/en\/wp-json\/wp\/v2\/media?parent=10418"}],"curies":[{"name":"wp","href":"https:\/\/api.w.org\/{rel}","templated":true}]}}