{"id":10922,"date":"2020-09-16T18:30:36","date_gmt":"2020-09-16T18:30:36","guid":{"rendered":"http:\/\/www.toamnalavoronet.ro\/?page_id=10922"},"modified":"2020-09-16T19:47:56","modified_gmt":"2020-09-16T19:47:56","slug":"editia-26-2006","status":"publish","type":"page","link":"https:\/\/www.toamnalavoronet.ro\/en\/editii\/editia-26-2006\/","title":{"rendered":"26th Edition &#8211; 2006"},"content":{"rendered":"<div class=\"su-tabs su-tabs-style-default su-tabs-mobile-scroll\" data-active=\"1\" data-scroll-offset=\"0\" data-anchor-in-url=\"no\"><div class=\"su-tabs-nav\"><span class=\"\" data-url=\"\" data-target=\"blank\" tabindex=\"0\" role=\"button\">Premiile acordate<\/span><span class=\"\" data-url=\"\" data-target=\"blank\" tabindex=\"0\" role=\"button\">Materiale media<\/span><span class=\"\" data-url=\"\" data-target=\"blank\" tabindex=\"0\" role=\"button\">Galerie foto<\/span><\/div><div class=\"su-tabs-panes\"><div class=\"su-tabs-pane su-u-clearfix su-u-trim\" data-title=\"Premiile acordate\">\n<div class=\"su-spacer\" style=\"height:20px\"><\/div>\n<img decoding=\"async\" loading=\"lazy\" class=\"aligncenter size-full wp-image-10870\" src=\"http:\/\/www.toamnalavoronet.ro\/wp-content\/uploads\/2020\/09\/banner.jpg\" alt=\"\" width=\"900\" height=\"129\" srcset=\"https:\/\/www.toamnalavoronet.ro\/wp-content\/uploads\/2020\/09\/banner.jpg 900w, https:\/\/www.toamnalavoronet.ro\/wp-content\/uploads\/2020\/09\/banner-300x43.jpg 300w, https:\/\/www.toamnalavoronet.ro\/wp-content\/uploads\/2020\/09\/banner-768x110.jpg 768w, https:\/\/www.toamnalavoronet.ro\/wp-content\/uploads\/2020\/09\/banner-400x57.jpg 400w\" sizes=\"(max-width: 900px) 100vw, 900px\" \/><br \/>\n<div data-post-id=\"10924\" class=\"insert-page insert-page-10924 \"><p>Juriul edi\u0163iai a XXVI-a a Festivalului Na\u0163ional de film \u015fi diaporam\u0103 Toamn\u0103 la Vorone\u0163 format din :<\/p>\n<ol>\n<li>Geo Saizescu \u2013 pre\u015fedinte<\/li>\n<li>Alecu Croitoru \u2013 membru<\/li>\n<li>Florin Toader \u2013 membru<\/li>\n<li>Dionisie Vitcu \u2013 membru<\/li>\n<li>Mihai P\u00e2nzaru \u2013 membru<\/li>\n<li>Mihai Ungureanu \u2013 membru<\/li>\n<li>Elvira Romaniuc &#8211; secretar<\/li>\n<\/ol>\n<p>A stabilit acordarea urm\u0103toarelor premii:<\/p>\n<h3>SEC\u0162IUNEA DIAPORAM\u0102<\/h3>\n<p><strong>PREMIUL I :<\/strong><br \/>\n\u201c Natural \u201d &#8211; autoare Casina Adela Vass \u2013 Cluj Napoca<\/p>\n<p><strong>PREMIUL II:<\/strong><br \/>\n\u201c\u00cen umbra marelui urs\u201d \u2013 Stelian Grigore \u2013 Z\u0103ne\u015fti, jud.Neam\u0163<\/p>\n<p><strong>PREMIUL III :<\/strong><br \/>\n\u201cS\u0103 fim copii\u201d \u2013 Diana Vasloban \u2013 Cluj Napoca<\/p>\n<p><strong>PREMIUL SPECIAL AL JURIULUI:<\/strong><br \/>\n\u201cUn punct de vedere\u201d \u2013 Mike Kersting, &#8211; Marea Britanie<\/p>\n<h3>SEC\u0162IUNEA FILM<\/h3>\n<p><strong>PREMIUL I ex aequo<\/strong><br \/>\n\u201cIdil\u0103 de o var\u0103\u201d \u2013 Vladimir Lucave\u0163chi, Eugen Grigore, Valeriu Bogd\u0103ne\u0163 &#8211; Bac\u0103u<br \/>\n\u201cLaudatio\u201d \u2013 Alfred Schupler \u2013 Bucure\u015fti<\/p>\n<p><strong>PREMIUL II ex aequo<\/strong><br \/>\n\u201cAmintirile unui vis\u201d \u2013 Dumitru C\u0103lug\u0103ru \u2013 Tg. Jiu<br \/>\n\u201cProgenis terrae\u201d \u2013 Maximilian Popescu, Vioroca Popescu &#8211; Gala\u0163i<\/p>\n<p><strong>PREMIUL III ex aequo<\/strong><br \/>\n\u201cIcoana\u201d \u2013 Felician S\u0103teanu \u2013 Baia Mare<br \/>\n\u201cTot pe loc, pe loc, pe loc\u2026.\u201d \u2013 Nicoale Negru\u0163iu, Lucian Negru\u0163iu \u2013 O\u0163elul Ro\u015fu<\/p>\n<p><strong>PREMIUL SPECIAL AL JURIULUI<\/strong><br \/>\n\u201cSperan\u0163a din ad\u00e2ncuri\u201d \u2013 Constantin M\u0103r\u0103scu &#8211; Timi\u015foara<\/p>\n<p><strong>PREMIUL SPECIAL acordat de Prim\u0103ria ora\u015fului Gura Humorului<\/strong><br \/>\n\u201cClovnul\u201d \u2013 Emil Mateia\u015f &#8211; Germania<\/p>\n<\/div>\n<\/div>\n<div class=\"su-tabs-pane su-u-clearfix su-u-trim\" data-title=\"Materiale media\">\n\n\t\t<style type=\"text\/css\">\n\t\t\t#gallery-1 {\n\t\t\t\tmargin: auto;\n\t\t\t}\n\t\t\t#gallery-1 .gallery-item {\n\t\t\t\tfloat: left;\n\t\t\t\tmargin-top: 10px;\n\t\t\t\ttext-align: center;\n\t\t\t\twidth: 33%;\n\t\t\t}\n\t\t\t#gallery-1 img {\n\t\t\t\tborder: 2px solid #cfcfcf;\n\t\t\t}\n\t\t\t#gallery-1 .gallery-caption {\n\t\t\t\tmargin-left: 0;\n\t\t\t}\n\t\t\t\/* see gallery_shortcode() in wp-includes\/media.php *\/\n\t\t<\/style>\n\t\t<div id='gallery-1' class='gallery galleryid-10922 gallery-columns-3 gallery-size-medium'><dl class='gallery-item'>\n\t\t\t<dt class='gallery-icon portrait'>\n\t\t\t\t<a href='https:\/\/www.toamnalavoronet.ro\/wp-content\/uploads\/2020\/09\/afis-Toamna-la-Voronet-2006.jpg'><img width=\"206\" height=\"300\" src=\"https:\/\/www.toamnalavoronet.ro\/wp-content\/uploads\/2020\/09\/afis-Toamna-la-Voronet-2006-206x300.jpg\" class=\"attachment-medium size-medium\" alt=\"\" decoding=\"async\" loading=\"lazy\" srcset=\"https:\/\/www.toamnalavoronet.ro\/wp-content\/uploads\/2020\/09\/afis-Toamna-la-Voronet-2006-206x300.jpg 206w, https:\/\/www.toamnalavoronet.ro\/wp-content\/uploads\/2020\/09\/afis-Toamna-la-Voronet-2006-400x582.jpg 400w, https:\/\/www.toamnalavoronet.ro\/wp-content\/uploads\/2020\/09\/afis-Toamna-la-Voronet-2006.jpg 687w\" sizes=\"(max-width: 206px) 100vw, 206px\" \/><\/a>\n\t\t\t<\/dt><\/dl>\n\t\t\t<br style='clear: both' \/>\n\t\t<\/div>\n\n<\/div>\n<div class=\"su-tabs-pane su-u-clearfix su-u-trim\" data-title=\"Galerie foto\">\n<!-- default-view.php -->\n<div\n\tclass=\"ngg-galleryoverview default-view \"\n\tid=\"ngg-gallery-03d602d81c05d1903eb3d19dda553181-1\">\n\n\t\t<!-- Thumbnails -->\n\t\t\t\t<div id=\"ngg-image-0\" class=\"ngg-gallery-thumbnail-box \" >\n\t\t\t\t        <div class=\"ngg-gallery-thumbnail\">\n            <a href=\"https:\/\/www.toamnalavoronet.ro\/wp-content\/gallery\/editia-2006\/toamna-2006-1.JPG\"\n               title=\"\"\n               data-src=\"https:\/\/www.toamnalavoronet.ro\/wp-content\/gallery\/editia-2006\/toamna-2006-1.JPG\"\n               data-thumbnail=\"https:\/\/www.toamnalavoronet.ro\/wp-content\/gallery\/editia-2006\/thumbs\/thumbs_toamna-2006-1.JPG\"\n               data-image-id=\"1299\"\n               data-title=\"toamna-2006-1\"\n               data-description=\"\"\n               data-image-slug=\"toamna-2006-1\"\n               class=\"ngg-simplelightbox\" rel=\"03d602d81c05d1903eb3d19dda553181\">\n                <img\n                    title=\"toamna-2006-1\"\n                    alt=\"toamna-2006-1\"\n                    src=\"https:\/\/www.toamnalavoronet.ro\/wp-content\/gallery\/editia-2006\/thumbs\/thumbs_toamna-2006-1.JPG\"\n                    width=\"220\"\n                    height=\"146\"\n                    style=\"max-width:100%;\"\n                \/>\n            <\/a>\n        <\/div>\n\t\t\t\t\t\t\t<\/div> \n\t\t\t\n\t\t\t\t<div id=\"ngg-image-1\" class=\"ngg-gallery-thumbnail-box \" >\n\t\t\t\t        <div class=\"ngg-gallery-thumbnail\">\n            <a href=\"https:\/\/www.toamnalavoronet.ro\/wp-content\/gallery\/editia-2006\/toamna-2006-2.JPG\"\n               title=\"\"\n               data-src=\"https:\/\/www.toamnalavoronet.ro\/wp-content\/gallery\/editia-2006\/toamna-2006-2.JPG\"\n               data-thumbnail=\"https:\/\/www.toamnalavoronet.ro\/wp-content\/gallery\/editia-2006\/thumbs\/thumbs_toamna-2006-2.JPG\"\n               data-image-id=\"1300\"\n               data-title=\"toamna-2006-2\"\n               data-description=\"\"\n               data-image-slug=\"toamna-2006-2\"\n               class=\"ngg-simplelightbox\" rel=\"03d602d81c05d1903eb3d19dda553181\">\n                <img\n                    title=\"toamna-2006-2\"\n                    alt=\"toamna-2006-2\"\n                    src=\"https:\/\/www.toamnalavoronet.ro\/wp-content\/gallery\/editia-2006\/thumbs\/thumbs_toamna-2006-2.JPG\"\n                    width=\"220\"\n                    height=\"146\"\n                    style=\"max-width:100%;\"\n                \/>\n            <\/a>\n        <\/div>\n\t\t\t\t\t\t\t<\/div> \n\t\t\t\n\t\t\t\t<div id=\"ngg-image-2\" class=\"ngg-gallery-thumbnail-box \" >\n\t\t\t\t        <div class=\"ngg-gallery-thumbnail\">\n            <a href=\"https:\/\/www.toamnalavoronet.ro\/wp-content\/gallery\/editia-2006\/toamna-2006-3.JPG\"\n               title=\"\"\n               data-src=\"https:\/\/www.toamnalavoronet.ro\/wp-content\/gallery\/editia-2006\/toamna-2006-3.JPG\"\n               data-thumbnail=\"https:\/\/www.toamnalavoronet.ro\/wp-content\/gallery\/editia-2006\/thumbs\/thumbs_toamna-2006-3.JPG\"\n               data-image-id=\"1301\"\n               data-title=\"toamna-2006-3\"\n               data-description=\"\"\n               data-image-slug=\"toamna-2006-3\"\n               class=\"ngg-simplelightbox\" rel=\"03d602d81c05d1903eb3d19dda553181\">\n                <img\n                    title=\"toamna-2006-3\"\n                    alt=\"toamna-2006-3\"\n                    src=\"https:\/\/www.toamnalavoronet.ro\/wp-content\/gallery\/editia-2006\/thumbs\/thumbs_toamna-2006-3.JPG\"\n                    width=\"220\"\n                    height=\"146\"\n                    style=\"max-width:100%;\"\n                \/>\n            <\/a>\n        <\/div>\n\t\t\t\t\t\t\t<\/div> \n\t\t\t\n\t\n\t<br style=\"clear: both\" \/>\n\n\t\n\t\t<!-- Pagination -->\n\t<div class='ngg-clear'><\/div>\t<\/div>\n\n<\/div><\/div><\/div>\n","protected":false},"excerpt":{"rendered":"","protected":false},"author":2,"featured_media":0,"parent":8062,"menu_order":0,"comment_status":"closed","ping_status":"closed","template":"","meta":{"ngg_post_thumbnail":0},"yoast_head":"<!-- This site is optimized with the Yoast SEO plugin v21.3 - https:\/\/yoast.com\/wordpress\/plugins\/seo\/ -->\n<title>26th Edition - 2006 - Toamn\u0103 la Vorone\u021b<\/title>\n<meta name=\"robots\" content=\"index, follow, max-snippet:-1, max-image-preview:large, max-video-preview:-1\" \/>\n<link rel=\"canonical\" href=\"https:\/\/www.toamnalavoronet.ro\/editii\/editia-26-2006\/\" \/>\n<meta property=\"og:locale\" content=\"en_US\" \/>\n<meta property=\"og:type\" content=\"article\" \/>\n<meta property=\"og:title\" content=\"[:ro]Editia 26 - 2006[:en]26th Edition - 2006[:] - Toamn\u0103 la Vorone\u021b\" \/>\n<meta property=\"og:url\" content=\"https:\/\/www.toamnalavoronet.ro\/editii\/editia-26-2006\/\" \/>\n<meta property=\"og:site_name\" content=\"Toamn\u0103 la Vorone\u021b\" \/>\n<meta property=\"article:publisher\" content=\"https:\/\/www.facebook.com\/culturahumor.ro\/\" \/>\n<meta property=\"article:modified_time\" content=\"2020-09-16T19:47:56+00:00\" \/>\n<meta property=\"og:image\" content=\"http:\/\/www.toamnalavoronet.ro\/wp-content\/uploads\/2020\/09\/banner.jpg\" \/>\n<meta name=\"twitter:card\" content=\"summary_large_image\" \/>\n<script type=\"application\/ld+json\" class=\"yoast-schema-graph\">{\"@context\":\"https:\/\/schema.org\",\"@graph\":[{\"@type\":\"WebPage\",\"@id\":\"https:\/\/www.toamnalavoronet.ro\/editii\/editia-26-2006\/\",\"url\":\"https:\/\/www.toamnalavoronet.ro\/editii\/editia-26-2006\/\",\"name\":\"[:ro]Editia 26 - 2006[:en]26th Edition - 2006[:] - Toamn\u0103 la Vorone\u021b\",\"isPartOf\":{\"@id\":\"https:\/\/www.toamnalavoronet.ro\/#website\"},\"datePublished\":\"2020-09-16T18:30:36+00:00\",\"dateModified\":\"2020-09-16T19:47:56+00:00\",\"breadcrumb\":{\"@id\":\"https:\/\/www.toamnalavoronet.ro\/editii\/editia-26-2006\/#breadcrumb\"},\"inLanguage\":\"en-US\",\"potentialAction\":[{\"@type\":\"ReadAction\",\"target\":[\"https:\/\/www.toamnalavoronet.ro\/editii\/editia-26-2006\/\"]}]},{\"@type\":\"BreadcrumbList\",\"@id\":\"https:\/\/www.toamnalavoronet.ro\/editii\/editia-26-2006\/#breadcrumb\",\"itemListElement\":[{\"@type\":\"ListItem\",\"position\":1,\"name\":\"Prima pagin\u0103\",\"item\":\"https:\/\/www.toamnalavoronet.ro\/\"},{\"@type\":\"ListItem\",\"position\":2,\"name\":\"Editii Toamn\u0103 la Vorone\u021b\",\"item\":\"https:\/\/www.toamnalavoronet.ro\/editii\/\"},{\"@type\":\"ListItem\",\"position\":3,\"name\":\"Editia 26 &#8211; 2006\"}]},{\"@type\":\"WebSite\",\"@id\":\"https:\/\/www.toamnalavoronet.ro\/#website\",\"url\":\"https:\/\/www.toamnalavoronet.ro\/\",\"name\":\"Toamn\u0103 la Vorone\u021b\",\"description\":\"The  International  Film  Festival \u201cAutumn in Voronet\u201d\",\"publisher\":{\"@id\":\"https:\/\/www.toamnalavoronet.ro\/#organization\"},\"potentialAction\":[{\"@type\":\"SearchAction\",\"target\":{\"@type\":\"EntryPoint\",\"urlTemplate\":\"https:\/\/www.toamnalavoronet.ro\/?s={search_term_string}\"},\"query-input\":\"required name=search_term_string\"}],\"inLanguage\":\"en-US\"},{\"@type\":\"Organization\",\"@id\":\"https:\/\/www.toamnalavoronet.ro\/#organization\",\"name\":\"Toamn\u0103 la Vorone\u021b - Festivalul Interna\u021bional de Film, Diaporam\u0103 \u0219i Fotografie\",\"url\":\"https:\/\/www.toamnalavoronet.ro\/\",\"logo\":{\"@type\":\"ImageObject\",\"inLanguage\":\"en-US\",\"@id\":\"https:\/\/www.toamnalavoronet.ro\/#\/schema\/logo\/image\/\",\"url\":\"https:\/\/www.toamnalavoronet.ro\/wp-content\/uploads\/2020\/07\/icon.jpg\",\"contentUrl\":\"https:\/\/www.toamnalavoronet.ro\/wp-content\/uploads\/2020\/07\/icon.jpg\",\"width\":100,\"height\":100,\"caption\":\"Toamn\u0103 la Vorone\u021b - Festivalul Interna\u021bional de Film, Diaporam\u0103 \u0219i Fotografie\"},\"image\":{\"@id\":\"https:\/\/www.toamnalavoronet.ro\/#\/schema\/logo\/image\/\"},\"sameAs\":[\"https:\/\/www.facebook.com\/culturahumor.ro\/\",\"https:\/\/www.youtube.com\/channel\/UCLJxDrTSePhKryOJXju3cYQ\"]}]}<\/script>\n<!-- \/ Yoast SEO plugin. -->","yoast_head_json":{"title":"[:ro]Editia 26 - 2006[:en]26th Edition - 2006[:] - Toamn\u0103 la Vorone\u021b","robots":{"index":"index","follow":"follow","max-snippet":"max-snippet:-1","max-image-preview":"max-image-preview:large","max-video-preview":"max-video-preview:-1"},"canonical":"https:\/\/www.toamnalavoronet.ro\/editii\/editia-26-2006\/","og_locale":"en_US","og_type":"article","og_title":"[:ro]Editia 26 - 2006[:en]26th Edition - 2006[:] - Toamn\u0103 la Vorone\u021b","og_url":"https:\/\/www.toamnalavoronet.ro\/editii\/editia-26-2006\/","og_site_name":"Toamn\u0103 la Vorone\u021b","article_publisher":"https:\/\/www.facebook.com\/culturahumor.ro\/","article_modified_time":"2020-09-16T19:47:56+00:00","og_image":[{"url":"http:\/\/www.toamnalavoronet.ro\/wp-content\/uploads\/2020\/09\/banner.jpg"}],"twitter_card":"summary_large_image","schema":{"@context":"https:\/\/schema.org","@graph":[{"@type":"WebPage","@id":"https:\/\/www.toamnalavoronet.ro\/editii\/editia-26-2006\/","url":"https:\/\/www.toamnalavoronet.ro\/editii\/editia-26-2006\/","name":"[:ro]Editia 26 - 2006[:en]26th Edition - 2006[:] - Toamn\u0103 la Vorone\u021b","isPartOf":{"@id":"https:\/\/www.toamnalavoronet.ro\/#website"},"datePublished":"2020-09-16T18:30:36+00:00","dateModified":"2020-09-16T19:47:56+00:00","breadcrumb":{"@id":"https:\/\/www.toamnalavoronet.ro\/editii\/editia-26-2006\/#breadcrumb"},"inLanguage":"en-US","potentialAction":[{"@type":"ReadAction","target":["https:\/\/www.toamnalavoronet.ro\/editii\/editia-26-2006\/"]}]},{"@type":"BreadcrumbList","@id":"https:\/\/www.toamnalavoronet.ro\/editii\/editia-26-2006\/#breadcrumb","itemListElement":[{"@type":"ListItem","position":1,"name":"Prima pagin\u0103","item":"https:\/\/www.toamnalavoronet.ro\/"},{"@type":"ListItem","position":2,"name":"Editii Toamn\u0103 la Vorone\u021b","item":"https:\/\/www.toamnalavoronet.ro\/editii\/"},{"@type":"ListItem","position":3,"name":"Editia 26 &#8211; 2006"}]},{"@type":"WebSite","@id":"https:\/\/www.toamnalavoronet.ro\/#website","url":"https:\/\/www.toamnalavoronet.ro\/","name":"Toamn\u0103 la Vorone\u021b","description":"The  International  Film  Festival \u201cAutumn in Voronet\u201d","publisher":{"@id":"https:\/\/www.toamnalavoronet.ro\/#organization"},"potentialAction":[{"@type":"SearchAction","target":{"@type":"EntryPoint","urlTemplate":"https:\/\/www.toamnalavoronet.ro\/?s={search_term_string}"},"query-input":"required name=search_term_string"}],"inLanguage":"en-US"},{"@type":"Organization","@id":"https:\/\/www.toamnalavoronet.ro\/#organization","name":"Toamn\u0103 la Vorone\u021b - Festivalul Interna\u021bional de Film, Diaporam\u0103 \u0219i Fotografie","url":"https:\/\/www.toamnalavoronet.ro\/","logo":{"@type":"ImageObject","inLanguage":"en-US","@id":"https:\/\/www.toamnalavoronet.ro\/#\/schema\/logo\/image\/","url":"https:\/\/www.toamnalavoronet.ro\/wp-content\/uploads\/2020\/07\/icon.jpg","contentUrl":"https:\/\/www.toamnalavoronet.ro\/wp-content\/uploads\/2020\/07\/icon.jpg","width":100,"height":100,"caption":"Toamn\u0103 la Vorone\u021b - Festivalul Interna\u021bional de Film, Diaporam\u0103 \u0219i Fotografie"},"image":{"@id":"https:\/\/www.toamnalavoronet.ro\/#\/schema\/logo\/image\/"},"sameAs":["https:\/\/www.facebook.com\/culturahumor.ro\/","https:\/\/www.youtube.com\/channel\/UCLJxDrTSePhKryOJXju3cYQ"]}]}},"_links":{"self":[{"href":"https:\/\/www.toamnalavoronet.ro\/en\/wp-json\/wp\/v2\/pages\/10922"}],"collection":[{"href":"https:\/\/www.toamnalavoronet.ro\/en\/wp-json\/wp\/v2\/pages"}],"about":[{"href":"https:\/\/www.toamnalavoronet.ro\/en\/wp-json\/wp\/v2\/types\/page"}],"author":[{"embeddable":true,"href":"https:\/\/www.toamnalavoronet.ro\/en\/wp-json\/wp\/v2\/users\/2"}],"replies":[{"embeddable":true,"href":"https:\/\/www.toamnalavoronet.ro\/en\/wp-json\/wp\/v2\/comments?post=10922"}],"version-history":[{"count":5,"href":"https:\/\/www.toamnalavoronet.ro\/en\/wp-json\/wp\/v2\/pages\/10922\/revisions"}],"predecessor-version":[{"id":10937,"href":"https:\/\/www.toamnalavoronet.ro\/en\/wp-json\/wp\/v2\/pages\/10922\/revisions\/10937"}],"up":[{"embeddable":true,"href":"https:\/\/www.toamnalavoronet.ro\/en\/wp-json\/wp\/v2\/pages\/8062"}],"wp:attachment":[{"href":"https:\/\/www.toamnalavoronet.ro\/en\/wp-json\/wp\/v2\/media?parent=10922"}],"curies":[{"name":"wp","href":"https:\/\/api.w.org\/{rel}","templated":true}]}}